{"id":141,"date":"2024-08-20T21:55:59","date_gmt":"2024-08-20T21:55:59","guid":{"rendered":"https:\/\/dproduccion.undc.edu.pe\/?page_id=141"},"modified":"2024-08-20T21:55:59","modified_gmt":"2024-08-20T21:55:59","slug":"1ra-noticia","status":"publish","type":"page","link":"https:\/\/dproduccion.undc.edu.pe\/index.php\/1ra-noticia\/","title":{"rendered":"PRESENTACI\u00d3N Y DISTRIBUCI\u00d3N DEL LIBRO: INVESTIGACI\u00d3N FORMATIVA: CONCEPTOS Y PROCEDIMIENTOS A LA COMUNIDAD UNIVERSITARIA"},"content":{"rendered":"\n<p>La Comisi\u00f3n Organizadora de la Universidad Nacional de Ca\u00f1ete (UNDC), a trav\u00e9s de la Direcci\u00f3n de Producci\u00f3n de Bienes y Servicios, realiz\u00f3 esta ma\u00f1ana la presentaci\u00f3n y distribuci\u00f3n del libro Investigaci\u00f3n Formativa: Conceptos y Procedimientos a la comunidad Universitaria, cuyo autor es el Dr. Ernesto Edmundo Hashimoto Moncayo, Vicepresidente de Investigaci\u00f3n de la UNDC. En esta importante actividad, autoridades de las Facultades de nuestra casa superior de estudios, resaltaron la importancia de la obra, que tiene como objetivo fomentar la investigaci\u00f3n en los estudiantes de la UNDC.<\/p>\n\n\n\n<p>El Presidente de la Comisi\u00f3n Organizadora Dr. Arnulfo Ortega Mallqui, entrego un reconocimiento al Dr. Ernesto Edmundo Hashimoto Moncayo, quien tiene una amplia producci\u00f3n intelectual y es autor de diversos libros como son: \u201c\u00bfC\u00f3mo formular proyectos de investigaci\u00f3n desde los tres paradigmas de la ciencia?\u201d 2010, publicado por la Universidad Nacional de Cajamarca \u201cLa vieja y la nueva universidad\u201d. 2008. Publicado por la Escuela de Postgrado de la Universidad Pedro Ruiz Gallo, \u201cComo investigar desde los tres paradigmas de la ciencia.\u201d Edici\u00f3n: 2a. ed. Editorial UPES, entre otros.<\/p>\n\n\n\n<figure class=\"wp-block-gallery has-nested-images columns-default is-cropped wp-block-gallery-1 is-layout-flex wp-block-gallery-is-layout-flex\">\n<figure class=\"wp-block-image size-large\"><img loading=\"lazy\" decoding=\"async\" width=\"1024\" height=\"552\" data-id=\"143\" src=\"https:\/\/dproduccion.undc.edu.pe\/wp-content\/uploads\/2024\/08\/1rafoto1noticia-1-1024x552.jpg\" alt=\"\" class=\"wp-image-143\" srcset=\"https:\/\/dproduccion.undc.edu.pe\/wp-content\/uploads\/2024\/08\/1rafoto1noticia-1-1024x552.jpg 1024w, https:\/\/dproduccion.undc.edu.pe\/wp-content\/uploads\/2024\/08\/1rafoto1noticia-1-300x162.jpg 300w, https:\/\/dproduccion.undc.edu.pe\/wp-content\/uploads\/2024\/08\/1rafoto1noticia-1-768x414.jpg 768w, https:\/\/dproduccion.undc.edu.pe\/wp-content\/uploads\/2024\/08\/1rafoto1noticia-1-1536x827.jpg 1536w, https:\/\/dproduccion.undc.edu.pe\/wp-content\/uploads\/2024\/08\/1rafoto1noticia-1.jpg 2048w\" sizes=\"auto, (max-width: 1024px) 100vw, 1024px\" \/><\/figure>\n\n\n\n<figure class=\"wp-block-image size-large\"><img loading=\"lazy\" decoding=\"async\" width=\"1024\" height=\"682\" data-id=\"144\" src=\"https:\/\/dproduccion.undc.edu.pe\/wp-content\/uploads\/2024\/08\/376421295_703419068488705_8607376985364022892_n-1024x682.jpg\" alt=\"\" class=\"wp-image-144\" srcset=\"https:\/\/dproduccion.undc.edu.pe\/wp-content\/uploads\/2024\/08\/376421295_703419068488705_8607376985364022892_n-1024x682.jpg 1024w, https:\/\/dproduccion.undc.edu.pe\/wp-content\/uploads\/2024\/08\/376421295_703419068488705_8607376985364022892_n-300x200.jpg 300w, https:\/\/dproduccion.undc.edu.pe\/wp-content\/uploads\/2024\/08\/376421295_703419068488705_8607376985364022892_n-768x512.jpg 768w, https:\/\/dproduccion.undc.edu.pe\/wp-content\/uploads\/2024\/08\/376421295_703419068488705_8607376985364022892_n-1536x1024.jpg 1536w, https:\/\/dproduccion.undc.edu.pe\/wp-content\/uploads\/2024\/08\/376421295_703419068488705_8607376985364022892_n.jpg 1772w\" sizes=\"auto, (max-width: 1024px) 100vw, 1024px\" \/><\/figure>\n<\/figure>\n\n\n\n<figure class=\"wp-block-gallery has-nested-images columns-default is-cropped wp-block-gallery-2 is-layout-flex wp-block-gallery-is-layout-flex\">\n<figure class=\"wp-block-image size-large\"><img loading=\"lazy\" decoding=\"async\" width=\"1024\" height=\"940\" data-id=\"145\" src=\"https:\/\/dproduccion.undc.edu.pe\/wp-content\/uploads\/2024\/08\/nueva-1024x940.jpg\" alt=\"\" class=\"wp-image-145\" srcset=\"https:\/\/dproduccion.undc.edu.pe\/wp-content\/uploads\/2024\/08\/nueva-1024x940.jpg 1024w, https:\/\/dproduccion.undc.edu.pe\/wp-content\/uploads\/2024\/08\/nueva-300x275.jpg 300w, https:\/\/dproduccion.undc.edu.pe\/wp-content\/uploads\/2024\/08\/nueva-768x705.jpg 768w, https:\/\/dproduccion.undc.edu.pe\/wp-content\/uploads\/2024\/08\/nueva-1536x1410.jpg 1536w, https:\/\/dproduccion.undc.edu.pe\/wp-content\/uploads\/2024\/08\/nueva.jpg 1772w\" sizes=\"auto, (max-width: 1024px) 100vw, 1024px\" \/><\/figure>\n\n\n\n<figure class=\"wp-block-image size-large\"><img loading=\"lazy\" decoding=\"async\" width=\"1024\" height=\"911\" data-id=\"146\" src=\"https:\/\/dproduccion.undc.edu.pe\/wp-content\/uploads\/2024\/08\/rr-1024x911.jpg\" alt=\"\" class=\"wp-image-146\" srcset=\"https:\/\/dproduccion.undc.edu.pe\/wp-content\/uploads\/2024\/08\/rr-1024x911.jpg 1024w, https:\/\/dproduccion.undc.edu.pe\/wp-content\/uploads\/2024\/08\/rr-300x267.jpg 300w, https:\/\/dproduccion.undc.edu.pe\/wp-content\/uploads\/2024\/08\/rr-768x683.jpg 768w, https:\/\/dproduccion.undc.edu.pe\/wp-content\/uploads\/2024\/08\/rr-1536x1367.jpg 1536w, https:\/\/dproduccion.undc.edu.pe\/wp-content\/uploads\/2024\/08\/rr.jpg 1772w\" sizes=\"auto, (max-width: 1024px) 100vw, 1024px\" \/><\/figure>\n\n\n\n<figure class=\"wp-block-image size-large\"><img loading=\"lazy\" decoding=\"async\" width=\"1024\" height=\"676\" data-id=\"147\" src=\"https:\/\/dproduccion.undc.edu.pe\/wp-content\/uploads\/2024\/08\/foto4noticia1-1024x676.jpg\" alt=\"\" class=\"wp-image-147\" srcset=\"https:\/\/dproduccion.undc.edu.pe\/wp-content\/uploads\/2024\/08\/foto4noticia1-1024x676.jpg 1024w, https:\/\/dproduccion.undc.edu.pe\/wp-content\/uploads\/2024\/08\/foto4noticia1-300x198.jpg 300w, https:\/\/dproduccion.undc.edu.pe\/wp-content\/uploads\/2024\/08\/foto4noticia1-768x507.jpg 768w, https:\/\/dproduccion.undc.edu.pe\/wp-content\/uploads\/2024\/08\/foto4noticia1-1536x1013.jpg 1536w, https:\/\/dproduccion.undc.edu.pe\/wp-content\/uploads\/2024\/08\/foto4noticia1.jpg 1772w\" sizes=\"auto, (max-width: 1024px) 100vw, 1024px\" \/><\/figure>\n<\/figure>\n","protected":false},"excerpt":{"rendered":"<p>La Comisi\u00f3n Organizadora de la Universidad Nacional de Ca\u00f1ete (UNDC), a trav\u00e9s de la Direcci\u00f3n de Producci\u00f3n de Bienes y Servicios, realiz\u00f3 esta ma\u00f1ana la presentaci\u00f3n y distribuci\u00f3n del libro Investigaci\u00f3n Formativa: Conceptos y Procedimientos a la comunidad Universitaria, cuyo autor es el Dr. Ernesto Edmundo Hashimoto Moncayo, Vicepresidente de Investigaci\u00f3n de la UNDC. En [&hellip;]<\/p>\n","protected":false},"author":1,"featured_media":0,"parent":0,"menu_order":0,"comment_status":"closed","ping_status":"closed","template":"","meta":{"footnotes":""},"class_list":["post-141","page","type-page","status-publish","hentry"],"_links":{"self":[{"href":"https:\/\/dproduccion.undc.edu.pe\/index.php\/wp-json\/wp\/v2\/pages\/141","targetHints":{"allow":["GET"]}}],"collection":[{"href":"https:\/\/dproduccion.undc.edu.pe\/index.php\/wp-json\/wp\/v2\/pages"}],"about":[{"href":"https:\/\/dproduccion.undc.edu.pe\/index.php\/wp-json\/wp\/v2\/types\/page"}],"author":[{"embeddable":true,"href":"https:\/\/dproduccion.undc.edu.pe\/index.php\/wp-json\/wp\/v2\/users\/1"}],"replies":[{"embeddable":true,"href":"https:\/\/dproduccion.undc.edu.pe\/index.php\/wp-json\/wp\/v2\/comments?post=141"}],"version-history":[{"count":1,"href":"https:\/\/dproduccion.undc.edu.pe\/index.php\/wp-json\/wp\/v2\/pages\/141\/revisions"}],"predecessor-version":[{"id":148,"href":"https:\/\/dproduccion.undc.edu.pe\/index.php\/wp-json\/wp\/v2\/pages\/141\/revisions\/148"}],"wp:attachment":[{"href":"https:\/\/dproduccion.undc.edu.pe\/index.php\/wp-json\/wp\/v2\/media?parent=141"}],"curies":[{"name":"wp","href":"https:\/\/api.w.org\/{rel}","templated":true}]}}