{"id":168,"date":"2024-08-20T22:36:31","date_gmt":"2024-08-20T22:36:31","guid":{"rendered":"https:\/\/dproduccion.undc.edu.pe\/?page_id=168"},"modified":"2024-08-20T22:36:31","modified_gmt":"2024-08-20T22:36:31","slug":"3ra-noticia","status":"publish","type":"page","link":"https:\/\/dproduccion.undc.edu.pe\/index.php\/3ra-noticia\/","title":{"rendered":"ENTREGA DE LIBROS IMPRESOS A LOS GANADORES DEL CONCURSO DE PUBLICACI\u00d3N DE LIBROS PARA DOCENTES DE LA UNDC 2023"},"content":{"rendered":"\n<p>La Vicepresidencia de Investigaci\u00f3n a trav\u00e9s de la Direcci\u00f3n de Producci\u00f3n de Bienes y servicios, mediante una ceremonia realizada en la sede administrativa de la Universidad Nacional de Ca\u00f1ete, ubicada en el jir\u00f3n San Agust\u00edn, realiz\u00f3 la entrega de los libros impresos a los ganadores del Primer Concurso de Publicaci\u00f3n de Libros para Docentes, una oportunidad \u00fanica para compartir sus investigaciones, conocimientos y talento literario.<\/p>\n\n\n\n<p>Es preciso se\u00f1alar que en el mes de setiembre la Direcci\u00f3n de Producci\u00f3n de Bienes y Servicios lanz\u00f3 el primer concurso destinado a los docentes que pose\u00edan una obra in\u00e9dita de investigaci\u00f3n cient\u00edfica, un manual acad\u00e9mico esencial o una pieza literaria conmovedora, puedan participar de este concurso, con la consigna de que este era el momento para que brillen y contribuyan al acervo cultural y educativo de nuestra instituci\u00f3n.<\/p>\n\n\n\n<p>Las obras ganadoras de este primer concurso fueron:<\/p>\n\n\n\n<ul class=\"wp-block-list\">\n<li>Manual de cortes de verduras y frutas y t\u00e9cnica gastron\u00f3micas usadas en la cocina peruana, autor: Magui\u00f1a Vallejos, Leonel. <\/li>\n\n\n\n<li>Abril, autor: Pe\u00f1afiel Rivera, Yuri. <\/li>\n\n\n\n<li>El secreto de Chilmana, autor: Franco Medina, Jorge L\u00e1zaro. <br><br>Los tres autores recibieron un total de 1000 ejemplares, de los cuales 600 ser\u00e1n para ellos y 400 libros quedar\u00e1n para la Universidad Nacional de Ca\u00f1ete.<br><br>Es preciso se\u00f1alar que en el mes de setiembre la Direcci\u00f3n de Producci\u00f3n de Bienes y Servicios lanz\u00f3 el primer concurso destinado a los docentes que pose\u00edan una obra in\u00e9dita de investigaci\u00f3n cient\u00edfica, un manual acad\u00e9mico esencial o una pieza literaria conmovedora, puedan participar de este concurso, con la consigna de que este era el momento para que brillen y contribuyan al acervo cultural y educativo de nuestra instituci\u00f3n.<\/li>\n<\/ul>\n\n\n\n<div class=\"wp-block-columns is-layout-flex wp-container-core-columns-is-layout-28f84493 wp-block-columns-is-layout-flex\">\n<div class=\"wp-block-column is-layout-flow wp-block-column-is-layout-flow\">\n<figure class=\"wp-block-image size-large\"><img loading=\"lazy\" decoding=\"async\" width=\"690\" height=\"1024\" src=\"https:\/\/dproduccion.undc.edu.pe\/wp-content\/uploads\/2024\/08\/1-2-690x1024.jpg\" alt=\"\" class=\"wp-image-176\" srcset=\"https:\/\/dproduccion.undc.edu.pe\/wp-content\/uploads\/2024\/08\/1-2-690x1024.jpg 690w, https:\/\/dproduccion.undc.edu.pe\/wp-content\/uploads\/2024\/08\/1-2-202x300.jpg 202w, https:\/\/dproduccion.undc.edu.pe\/wp-content\/uploads\/2024\/08\/1-2-768x1140.jpg 768w, https:\/\/dproduccion.undc.edu.pe\/wp-content\/uploads\/2024\/08\/1-2-1035x1536.jpg 1035w, https:\/\/dproduccion.undc.edu.pe\/wp-content\/uploads\/2024\/08\/1-2.jpg 1194w\" sizes=\"auto, (max-width: 690px) 100vw, 690px\" \/><\/figure>\n<\/div>\n\n\n\n<div class=\"wp-block-column is-layout-flow wp-block-column-is-layout-flow\">\n<figure class=\"wp-block-image size-large is-resized\"><img loading=\"lazy\" decoding=\"async\" width=\"717\" height=\"1024\" src=\"https:\/\/dproduccion.undc.edu.pe\/wp-content\/uploads\/2024\/08\/3-2-717x1024.jpg\" alt=\"\" class=\"wp-image-177\" style=\"width:354px;height:auto\" srcset=\"https:\/\/dproduccion.undc.edu.pe\/wp-content\/uploads\/2024\/08\/3-2-717x1024.jpg 717w, https:\/\/dproduccion.undc.edu.pe\/wp-content\/uploads\/2024\/08\/3-2-210x300.jpg 210w, https:\/\/dproduccion.undc.edu.pe\/wp-content\/uploads\/2024\/08\/3-2-768x1097.jpg 768w, https:\/\/dproduccion.undc.edu.pe\/wp-content\/uploads\/2024\/08\/3-2-1076x1536.jpg 1076w, https:\/\/dproduccion.undc.edu.pe\/wp-content\/uploads\/2024\/08\/3-2.jpg 1241w\" sizes=\"auto, (max-width: 717px) 100vw, 717px\" \/><\/figure>\n<\/div>\n\n\n\n<div class=\"wp-block-column is-layout-flow wp-block-column-is-layout-flow\">\n<figure class=\"wp-block-image size-large is-resized\"><img loading=\"lazy\" decoding=\"async\" width=\"765\" height=\"1024\" src=\"https:\/\/dproduccion.undc.edu.pe\/wp-content\/uploads\/2024\/08\/2-4-765x1024.jpg\" alt=\"\" class=\"wp-image-179\" style=\"width:377px;height:auto\" srcset=\"https:\/\/dproduccion.undc.edu.pe\/wp-content\/uploads\/2024\/08\/2-4-765x1024.jpg 765w, https:\/\/dproduccion.undc.edu.pe\/wp-content\/uploads\/2024\/08\/2-4-224x300.jpg 224w, https:\/\/dproduccion.undc.edu.pe\/wp-content\/uploads\/2024\/08\/2-4-768x1028.jpg 768w, https:\/\/dproduccion.undc.edu.pe\/wp-content\/uploads\/2024\/08\/2-4-1148x1536.jpg 1148w, https:\/\/dproduccion.undc.edu.pe\/wp-content\/uploads\/2024\/08\/2-4.jpg 1324w\" sizes=\"auto, (max-width: 765px) 100vw, 765px\" \/><\/figure>\n<\/div>\n<\/div>\n","protected":false},"excerpt":{"rendered":"<p>La Vicepresidencia de Investigaci\u00f3n a trav\u00e9s de la Direcci\u00f3n de Producci\u00f3n de Bienes y servicios, mediante una ceremonia realizada en la sede administrativa de la Universidad Nacional de Ca\u00f1ete, ubicada en el jir\u00f3n San Agust\u00edn, realiz\u00f3 la entrega de los libros impresos a los ganadores del Primer Concurso de Publicaci\u00f3n de Libros para Docentes, una [&hellip;]<\/p>\n","protected":false},"author":1,"featured_media":0,"parent":0,"menu_order":0,"comment_status":"closed","ping_status":"closed","template":"","meta":{"footnotes":""},"class_list":["post-168","page","type-page","status-publish","hentry"],"_links":{"self":[{"href":"https:\/\/dproduccion.undc.edu.pe\/index.php\/wp-json\/wp\/v2\/pages\/168","targetHints":{"allow":["GET"]}}],"collection":[{"href":"https:\/\/dproduccion.undc.edu.pe\/index.php\/wp-json\/wp\/v2\/pages"}],"about":[{"href":"https:\/\/dproduccion.undc.edu.pe\/index.php\/wp-json\/wp\/v2\/types\/page"}],"author":[{"embeddable":true,"href":"https:\/\/dproduccion.undc.edu.pe\/index.php\/wp-json\/wp\/v2\/users\/1"}],"replies":[{"embeddable":true,"href":"https:\/\/dproduccion.undc.edu.pe\/index.php\/wp-json\/wp\/v2\/comments?post=168"}],"version-history":[{"count":1,"href":"https:\/\/dproduccion.undc.edu.pe\/index.php\/wp-json\/wp\/v2\/pages\/168\/revisions"}],"predecessor-version":[{"id":180,"href":"https:\/\/dproduccion.undc.edu.pe\/index.php\/wp-json\/wp\/v2\/pages\/168\/revisions\/180"}],"wp:attachment":[{"href":"https:\/\/dproduccion.undc.edu.pe\/index.php\/wp-json\/wp\/v2\/media?parent=168"}],"curies":[{"name":"wp","href":"https:\/\/api.w.org\/{rel}","templated":true}]}}