{"id":338,"date":"2024-10-11T23:47:36","date_gmt":"2024-10-11T23:47:36","guid":{"rendered":"https:\/\/dproduccion.undc.edu.pe\/?page_id=338"},"modified":"2024-10-12T02:32:24","modified_gmt":"2024-10-12T02:32:24","slug":"funciones","status":"publish","type":"page","link":"https:\/\/dproduccion.undc.edu.pe\/index.php\/funciones\/","title":{"rendered":"FUNCIONES"},"content":{"rendered":"\n<p>a. Promover el desarrollo de centros de producci\u00f3n de bienes y servicios relacionados a trabajos de investigaci\u00f3n y presentar la propuesta al Vicerrector de investigaci\u00f3n, quien derivara al Consejo Universitario para su aprobaci\u00f3n.<br><br>b. Proponer y recomendar al Vicerrectorado de Investigaci\u00f3n alianzas estrat\u00e9gicas con instituciones p\u00fablicas y privadas, nacionales y extranjeras, para promover la creaci\u00f3n de centros de producci\u00f3n de bienes o servicios que generen recursos econ\u00f3micos.<br><br>C. Promover la capacitaci\u00f3n de docentes y estudiantes para la creaci\u00f3n y administraci\u00f3n de centros de producci\u00f3n en coordinaci\u00f3n con la Direcci\u00f3n Incubadora de Empresas.<br><br>d. Supervisar la ejecuci\u00f3n de las normas t\u00e9cnico-econ\u00f3micas en las actividades que realizan los Centres de Producci\u00f3n de Bienes y Servicios, derivados de la investigaci\u00f3n, desarrollo y similares en las Facultades y UNDC.<br><br>e. Dirigir y gestionar los servicios de impresi\u00f3n, publicaci\u00f3n y distribuci\u00f3n de libros y revistas especializadas.<\/p>\n\n\n\n<p>f. Administrar el repositorio institucional. <br><br>g. Elaborar y presentar al Vicerrectorado de Investigaci\u00f3n la Memoria Anual de la direcci\u00f3n. <br><br>h. Otras funciones que le asigne el Vicerrectorado de Investigaci\u00f3n. <\/p>\n","protected":false},"excerpt":{"rendered":"<p>a. Promover el desarrollo de centros de producci\u00f3n de bienes y servicios relacionados a trabajos de investigaci\u00f3n y presentar la propuesta al Vicerrector de investigaci\u00f3n, quien derivara al Consejo Universitario para su aprobaci\u00f3n. b. Proponer y recomendar al Vicerrectorado de Investigaci\u00f3n alianzas estrat\u00e9gicas con instituciones p\u00fablicas y privadas, nacionales y extranjeras, para promover la creaci\u00f3n [&hellip;]<\/p>\n","protected":false},"author":1,"featured_media":0,"parent":0,"menu_order":0,"comment_status":"closed","ping_status":"closed","template":"","meta":{"footnotes":""},"class_list":["post-338","page","type-page","status-publish","hentry"],"_links":{"self":[{"href":"https:\/\/dproduccion.undc.edu.pe\/index.php\/wp-json\/wp\/v2\/pages\/338","targetHints":{"allow":["GET"]}}],"collection":[{"href":"https:\/\/dproduccion.undc.edu.pe\/index.php\/wp-json\/wp\/v2\/pages"}],"about":[{"href":"https:\/\/dproduccion.undc.edu.pe\/index.php\/wp-json\/wp\/v2\/types\/page"}],"author":[{"embeddable":true,"href":"https:\/\/dproduccion.undc.edu.pe\/index.php\/wp-json\/wp\/v2\/users\/1"}],"replies":[{"embeddable":true,"href":"https:\/\/dproduccion.undc.edu.pe\/index.php\/wp-json\/wp\/v2\/comments?post=338"}],"version-history":[{"count":2,"href":"https:\/\/dproduccion.undc.edu.pe\/index.php\/wp-json\/wp\/v2\/pages\/338\/revisions"}],"predecessor-version":[{"id":357,"href":"https:\/\/dproduccion.undc.edu.pe\/index.php\/wp-json\/wp\/v2\/pages\/338\/revisions\/357"}],"wp:attachment":[{"href":"https:\/\/dproduccion.undc.edu.pe\/index.php\/wp-json\/wp\/v2\/media?parent=338"}],"curies":[{"name":"wp","href":"https:\/\/api.w.org\/{rel}","templated":true}]}}