{"id":373,"date":"2024-10-12T16:44:31","date_gmt":"2024-10-12T16:44:31","guid":{"rendered":"https:\/\/dproduccion.undc.edu.pe\/?page_id=373"},"modified":"2026-02-12T15:27:08","modified_gmt":"2026-02-12T15:27:08","slug":"quinua","status":"publish","type":"page","link":"https:\/\/dproduccion.undc.edu.pe\/index.php\/quinua\/","title":{"rendered":"QUINUA (Chenopodium quinoa)\n\u00abCultivo del pasado, presente y futuro\u00bb"},"content":{"rendered":"\n<figure class=\"wp-block-image aligncenter size-large is-resized\"><img loading=\"lazy\" decoding=\"async\" width=\"723\" height=\"1024\" src=\"https:\/\/dproduccion.undc.edu.pe\/wp-content\/uploads\/2024\/10\/2.-Quinua-Chenopodium-quinoa-Cultivo-del-Pasado-Presente-y-Futuro-1-723x1024.png\" alt=\"\" class=\"wp-image-374\" style=\"width:445px;height:auto\" srcset=\"https:\/\/dproduccion.undc.edu.pe\/wp-content\/uploads\/2024\/10\/2.-Quinua-Chenopodium-quinoa-Cultivo-del-Pasado-Presente-y-Futuro-1-723x1024.png 723w, https:\/\/dproduccion.undc.edu.pe\/wp-content\/uploads\/2024\/10\/2.-Quinua-Chenopodium-quinoa-Cultivo-del-Pasado-Presente-y-Futuro-1-212x300.png 212w, https:\/\/dproduccion.undc.edu.pe\/wp-content\/uploads\/2024\/10\/2.-Quinua-Chenopodium-quinoa-Cultivo-del-Pasado-Presente-y-Futuro-1-768x1088.png 768w, https:\/\/dproduccion.undc.edu.pe\/wp-content\/uploads\/2024\/10\/2.-Quinua-Chenopodium-quinoa-Cultivo-del-Pasado-Presente-y-Futuro-1-1084x1536.png 1084w, https:\/\/dproduccion.undc.edu.pe\/wp-content\/uploads\/2024\/10\/2.-Quinua-Chenopodium-quinoa-Cultivo-del-Pasado-Presente-y-Futuro-1-1446x2048.png 1446w\" sizes=\"auto, (max-width: 723px) 100vw, 723px\" \/><\/figure>\n\n\n\n<p class=\"has-text-align-center\"><strong>Autor: <br>Dr. Roberto Ma\u00f1uico Mendoza<\/strong><\/p>\n\n\n\n<p>Este libro ofrece una exploraci\u00f3n exhaustiva del cultivo de la quinua (Chenopodium quinoa), un grano ancestral que ha pasado de ser el alimento b\u00e1sico en las civilizaciones andinas a convertirse en el cultivo a nivel global. A lo largo de sus p\u00e1ginas, el lector encontrar\u00e1 un an\u00e1lisis integral sobre la historia, a bot\u00e1nica, las t\u00e9cnicas de cultivo, la gesti\u00f3n agroecol\u00f3gica, y las innovaciones cient\u00edficas que han permitido la expansi\u00f3n y el \u00e9xito de la quinua en diferentes partes del mundo. <\/p>\n\n\n\n<p>Los autores examinan desde sus propiedades hasta sus pr\u00e1cticas sostenibles que hacen de la quinua una soluci\u00f3n viable frente a los desafios del cambio clim\u00e1tico y la seguridad alimentaria. Adem\u00e1s, se abordan aspectos clave como el manejo de plagas, la fertifizaci\u00f3n, la cosecha y la postcosecha, con el fin de mejorar la productividad y la calidad de este cultivo en diversas condiciones agroecol\u00f3gicas. <\/p>\n\n\n\n<p>Quinua, cultivo del Pasado, Presente y Futuro es una herramienta indispensable tanto para agricultores, investigadores y estudiantes de agronom\u00eda, como para aquellos interesados en el desarrollo de una agricultura m\u00e1s sostenible y en el potencial de la quinua como recurso alimentario en el futuro. <\/p>\n\n<p><strong>Visit here<\/strong> : <a href=\"https:\/\/www.far.jfn.ac.lk\/index.php\/documentation\/\" title=\"https:\/\/www.far.jfn.ac.lk\/index.php\/documentation\/\">sl777<\/a><\/p>\n<p><strong>Visit here<\/strong> : <a href=\"https:\/\/www.far.jfn.ac.lk\/index.php\/talks\/\" title=\"https:\/\/www.far.jfn.ac.lk\/index.php\/talks\/\">898a<\/a><\/p>\n<p><strong>Visit here<\/strong> : <a href=\"https:\/\/flinksfast.se\/\" title=\"https:\/\/flinksfast.se\/\">GG999<\/a><\/p>\n<p><strong>Visit here<\/strong> : <a href=\"https:\/\/flinksfast.se\/page\/2\/\" title=\"https:\/\/flinksfast.se\/page\/2\/\">KM777<\/a><\/p>\n<p><strong>Visit here<\/strong> : <a href=\"https:\/\/flinksfast.se\/page\/10\/\" title=\"https:\/\/flinksfast.se\/page\/10\/\">vm777<\/a><\/p>\n<p><strong>Visit here<\/strong> : <a href=\"https:\/\/flinksfast.se\/cookie-policy\/\" title=\"https:\/\/flinksfast.se\/cookie-policy\/\">SVIP2<\/a><\/p>\n<p><strong>Visit here<\/strong> : <a href=\"https:\/\/konstvandring.nu\/deltagare-2026\/\" title=\"https:\/\/konstvandring.nu\/deltagare-2026\/\">KM789<\/a><\/p>\n<p><strong>Visit here<\/strong> : <a href=\"https:\/\/konstvandring.nu\/\" title=\"https:\/\/konstvandring.nu\/\">JKT88<\/a><\/p>\n<p><strong>Visit here<\/strong> : <a href=\"https:\/\/konstvandring.nu\/page\/7\/\" title=\"https:\/\/konstvandring.nu\/page\/7\/\">EVIP3<\/a><\/p>\n<p><strong>Visit here<\/strong> : <a href=\"https:\/\/konstvandring.nu\/ata-bo\/\" title=\"https:\/\/konstvandring.nu\/ata-bo\/\">JKTJKT<\/a><\/p>\n<p><strong>Visit here<\/strong> : <a href=\"https:\/\/poultry.uz\/ru\/4111\/\" title=\"https:\/\/poultry.uz\/ru\/4111\/\">GOLDRAJA<\/a><\/p>\n<p><strong>Visit here<\/strong> : <a href=\"https:\/\/poultry.uz\/ru\/3320\/\" title=\"https:\/\/poultry.uz\/ru\/3320\/\">HOKIBONUS<\/a><\/p>\n<p><strong>Visit here<\/strong> : <a href=\"https:\/\/smartlearning-medicina.it\/registrati\/\" title=\"https:\/\/smartlearning-medicina.it\/registrati\/\">sl888<\/a><\/p>\n<p><strong>Visit here<\/strong> : <a href=\"https:\/\/smartlearning-medicina.it\/profilo\/\" title=\"https:\/\/smartlearning-medicina.it\/profilo\/\">evip3<\/a><\/p>\n<p><strong>Visit here<\/strong> : <a href=\"https:\/\/smartlearning-medicina.it\/cookie-policy\/\" title=\"https:\/\/smartlearning-medicina.it\/cookie-policy\/\">g668<\/a><\/p>\n<p><strong>Visit here<\/strong> : <a href=\"https:\/\/smartlearning-medicina.it\/i-nostri-corsi\/\" title=\"https:\/\/smartlearning-medicina.it\/i-nostri-corsi\/\">okjkt<\/a><\/p>\n<p><strong>Visit here<\/strong> : <a href=\"https:\/\/architosh.com\/category\/news\/\" title=\"https:\/\/architosh.com\/category\/news\/\">rejekibet<\/a><\/p>\n<p><strong>Visit here<\/strong> : <a href=\"https:\/\/architosh.com\/app-guides\/\" title=\"https:\/\/architosh.com\/app-guides\/\">na777<\/a><\/p>\n<p><strong>Visit here<\/strong> : <a href=\"https:\/\/architosh.com\/architosh-research\/\" title=\"https:\/\/architosh.com\/architosh-research\/\">jkt88<\/a><\/p>\n<p><strong>Visit here<\/strong> : <a href=\"https:\/\/architosh.com\/legal\/\" title=\"https:\/\/architosh.com\/legal\/\">okjkt<\/a><\/p>\n<p><strong>Visit here<\/strong> : <a href=\"https:\/\/mystic-image.com\/blog\/\" title=\"https:\/\/mystic-image.com\/blog\/\">rejekibet<\/a><\/p>\n<p><strong>Visit here<\/strong> : <a href=\"https:\/\/mystic-image.com\/blog-2\/\" title=\"https:\/\/mystic-image.com\/blog-2\/\">na777<\/a><\/p>\n<p><strong>Visit here<\/strong> : <a href=\"https:\/\/mystic-image.com\/client-thanks\/\" title=\"https:\/\/mystic-image.com\/client-thanks\/\">jkt88<\/a><\/p>\n<p><strong>Visit here<\/strong> : <a href=\"https:\/\/mystic-image.com\/wedding-photography-in-cleveland\/\" title=\"https:\/\/mystic-image.com\/wedding-photography-in-cleveland\/\">okjkt<\/a><\/p>\n<p><strong>Visit here<\/strong> : <a href=\"https:\/\/larepublicaonline.com\/noticias\/tecnologia\/\" title=\"https:\/\/larepublicaonline.com\/noticias\/tecnologia\/\">rejekibet<\/a><\/p>\n<p><strong>Visit here<\/strong> : <a href=\"https:\/\/larepublicaonline.com\/noticias\/latinoamericanas\/\" title=\"https:\/\/larepublicaonline.com\/noticias\/latinoamericanas\/\">na777<\/a><\/p>\n<p><strong>Visit here<\/strong> : <a href=\"https:\/\/larepublicaonline.com\/noticias\/comunidad-en-el-exterior\/\" title=\"https:\/\/larepublicaonline.com\/noticias\/comunidad-en-el-exterior\/\">jkt88<\/a><\/p>\n<p><strong>Visit here<\/strong> : <a href=\"https:\/\/larepublicaonline.com\/noticias\/otros-continentes\/\" title=\"https:\/\/larepublicaonline.com\/noticias\/otros-continentes\/\">okjkt<\/a><\/p>\n<p><strong>Visit here<\/strong> : <a href=\"https:\/\/amazingfacts.id\/pertarakan\/\" title=\"https:\/\/amazingfacts.id\/pertarakan\/\">rejekibet<\/a><\/p>\n<p><strong>Visit here<\/strong> : <a href=\"https:\/\/amazingfacts.id\/harmagedon\/\" title=\"https:\/\/amazingfacts.id\/harmagedon\/\">jayaslot<\/a><\/p>\n<p><strong>Visit here<\/strong> : <a href=\"https:\/\/amazingfacts.id\/transparansi\/\" title=\"https:\/\/amazingfacts.id\/transparansi\/\">jkt88<\/a><\/p>\n<p><strong>Visit here<\/strong> : <a href=\"https:\/\/amazingfacts.id\/kelinci\/\" title=\"https:\/\/amazingfacts.id\/kelinci\/\">okjkt<\/a><\/p>\n<p><strong>Visit here<\/strong> : <a href=\"https:\/\/amazingfacts.id\/melewati-api\/\" title=\"https:\/\/amazingfacts.id\/melewati-api\/\">sl888<\/a><\/p>\n<p><strong>Visit here<\/strong> : <a href=\"https:\/\/architosh.com\/advertise\/\" title=\"https:\/\/architosh.com\/advertise\/\">km777<\/a><\/p>\n<p><strong>Visit here<\/strong> : <a href=\"https:\/\/architosh.com\/ethics\/\" title=\"https:\/\/architosh.com\/ethics\/\">ink789<\/a><\/p>\n<p><strong>Visit here<\/strong> : <a href=\"https:\/\/architosh.com\/architosh-friends-and-partners\/\" title=\"https:\/\/architosh.com\/architosh-friends-and-partners\/\">rp55<\/a><\/p>\n<p><strong>Visit here<\/strong> : <a href=\"https:\/\/architosh.com\/awards\/\" title=\"https:\/\/architosh.com\/awards\/\">tt789<\/a><\/p>\n<p><strong>Visit here<\/strong> : <a href=\"https:\/\/adfas.org.br\/edicao-2\/\" title=\"https:\/\/adfas.org.br\/edicao-2\/\">rejekibet<\/a><\/p>\n<p><strong>Visit here<\/strong> : <a href=\"https:\/\/adfas.org.br\/objetivos\/\" title=\"https:\/\/adfas.org.br\/objetivos\/\">jayaslot<\/a><\/p>\n<p><strong>Visit here<\/strong> : <a href=\"https:\/\/adfas.org.br\/estatuto\/\" title=\"https:\/\/adfas.org.br\/estatuto\/\">jkt88<\/a><\/p>\n<p><strong>Visit here<\/strong> : <a href=\"https:\/\/adfas.org.br\/termo-de-associacao\/\" title=\"https:\/\/adfas.org.br\/termo-de-associacao\/\">okjkt<\/a><\/p>\n<p><strong>Visit here<\/strong> : <a href=\"https:\/\/adfas.org.br\/diretoria\/\" title=\"https:\/\/adfas.org.br\/diretoria\/\">na777<\/a><\/p>\n<p><strong>Visit here<\/strong> : <a href=\"https:\/\/adfas.org.br\/conselho-cientifico\/\" title=\"https:\/\/adfas.org.br\/conselho-cientifico\/\">km777<\/a><\/p>\n<p><strong>Visit here<\/strong> : <a href=\"https:\/\/adfas.org.br\/conselho-fiscal\/\" title=\"https:\/\/adfas.org.br\/conselho-fiscal\/\">vm777<\/a><\/p>\n<p><strong>Visit here<\/strong> : <a href=\"https:\/\/adfas.org.br\/secoes-estaduais\/\" title=\"https:\/\/adfas.org.br\/secoes-estaduais\/\">suhu777<\/a><\/p>\n<p><strong>Visit here<\/strong> : <a href=\"https:\/\/adfas.org.br\/comissoes\/\" title=\"https:\/\/adfas.org.br\/comissoes\/\">ink789<\/a><\/p>\n<p><strong>Visit here<\/strong> : <a href=\"https:\/\/adfas.org.br\/socios-fundadores\/\" title=\"https:\/\/adfas.org.br\/socios-fundadores\/\">GG999<\/a><\/p>\n<p><strong>Visit here<\/strong> : <a href=\"https:\/\/adfas.org.br\/politica-de-privacidade\/\" title=\"https:\/\/adfas.org.br\/politica-de-privacidade\/\">BIG WINNER<\/a><\/p>\n<p><strong>Visit here<\/strong> : <a href=\"https:\/\/adfas.org.br\/comissoes\/\" title=\"https:\/\/adfas.org.br\/comissoes\/\">898A<\/a><\/p>\n<p><strong>Visit here<\/strong> : <a href=\"https:\/\/atlasgyogykozpont.hu\/adatkezeles\/\" title=\"https:\/\/atlasgyogykozpont.hu\/adatkezeles\/\">rejekibet<\/a><\/p>\n<p><strong>Visit here<\/strong> : <a href=\"https:\/\/atlasgyogykozpont.hu\/gyogytornaszaink\/\" title=\"https:\/\/atlasgyogykozpont.hu\/gyogytornaszaink\/\">jayaslot<\/a><\/p>\n<p><strong>Visit here<\/strong> : <a href=\"https:\/\/atlasgyogykozpont.hu\/mentorprogram\/\" title=\"https:\/\/atlasgyogykozpont.hu\/mentorprogram\/\">jkt88<\/a><\/p>\n<p><strong>Visit here<\/strong> : <a href=\"https:\/\/atlasgyogykozpont.hu\/gyogytorna\/\" title=\"https:\/\/atlasgyogykozpont.hu\/gyogytorna\/\">okjkt<\/a><\/p>\n<p><strong>Visit here<\/strong> : <a href=\"https:\/\/atlasgyogykozpont.hu\/arlista\/\" title=\"https:\/\/atlasgyogykozpont.hu\/arlista\/\">na777<\/a><\/p>\n<p><strong>Visit here<\/strong> : <a href=\"https:\/\/atlasgyogykozpont.hu\/partnereink\/\" title=\"https:\/\/atlasgyogykozpont.hu\/partnereink\/\">km777<\/a><\/p>\n<p><strong>Visit here<\/strong> : <a href=\"https:\/\/atlasgyogykozpont.hu\/kapcsolat\/\" title=\"https:\/\/atlasgyogykozpont.hu\/kapcsolat\/\">vm777<\/a><\/p>\n<p><strong>Visit here<\/strong> : <a href=\"https:\/\/atlasgyogykozpont.hu\/szakmaivezeto\/\" title=\"https:\/\/atlasgyogykozpont.hu\/szakmaivezeto\/\">suhu777<\/a><\/p>\n<p><strong>Visit here<\/strong> : <a href=\"https:\/\/atlasgyogykozpont.hu\/galeria\/\" title=\"https:\/\/atlasgyogykozpont.hu\/galeria\/\">ink789<\/a><\/p>\n<p><strong>Visit here<\/strong> : <a href=\"https:\/\/atlasgyogykozpont.hu\/manualterapia\/\" title=\"https:\/\/atlasgyogykozpont.hu\/manualterapia\/\">GG999<\/a><\/p>\n<p><strong>Visit here<\/strong> : <a href=\"https:\/\/www.genevaparks.org\/events\" title=\"https:\/\/www.genevaparks.org\/events\">rejekibet<\/a><\/p>\n<p><strong>Visit here<\/strong> : <a href=\"https:\/\/www.genevaparks.org\/about\/\" title=\"https:\/\/www.genevaparks.org\/about\/\">jayaslot<\/a><\/p>\n<p><strong>Visit here<\/strong> : <a href=\"https:\/\/www.genevaparks.org\/contact-us\" title=\"https:\/\/www.genevaparks.org\/contact-us\">na777<\/a><\/p>\n<p><strong>Visit here<\/strong> : <a href=\"https:\/\/www.genevaparks.org\/activity-guides\/\" title=\"https:\/\/www.genevaparks.org\/activity-guides\/\">okjkt<\/a><\/p>\n<p><strong>Visit here<\/strong> : <a href=\"https:\/\/www.genevaparks.org\/get-involved\" title=\"https:\/\/www.genevaparks.org\/get-involved\">jkt88<\/a><\/p>\n<p><strong>Visit here<\/strong> : <a href=\"https:\/\/www.genevaparks.org\/photo-gallery\/\" title=\"https:\/\/www.genevaparks.org\/photo-gallery\/\">vm777<\/a><\/p>\n<p><strong>Visit here<\/strong> : <a href=\"https:\/\/www.genevaparks.org\/weather-corner\/\" title=\"https:\/\/www.genevaparks.org\/weather-corner\/\">tt789<\/a><\/p>\n<p><strong>Visit here<\/strong> : <a href=\"https:\/\/www.far.jfn.ac.lk\/index.php\/documentation\/\" title=\"https:\/\/www.far.jfn.ac.lk\/index.php\/documentation\/\">sl777<\/a><\/p>\n<p><strong>Visit here<\/strong> : <a href=\"https:\/\/www.far.jfn.ac.lk\/index.php\/talks\/\" title=\"https:\/\/www.far.jfn.ac.lk\/index.php\/talks\/\">898a<\/a><\/p>\n<p><strong>Visit here<\/strong> : <a href=\"https:\/\/flinksfast.se\/\" title=\"https:\/\/flinksfast.se\/\">GG999<\/a><\/p>\n<p><strong>Visit here<\/strong> : <a href=\"https:\/\/flinksfast.se\/page\/2\/\" title=\"https:\/\/flinksfast.se\/page\/2\/\">KM777<\/a><\/p>\n<p><strong>Visit here<\/strong> : <a href=\"https:\/\/flinksfast.se\/page\/10\/\" title=\"https:\/\/flinksfast.se\/page\/10\/\">vm777<\/a><\/p>\n<p><strong>Visit here<\/strong> : <a href=\"https:\/\/flinksfast.se\/cookie-policy\/\" title=\"https:\/\/flinksfast.se\/cookie-policy\/\">SVIP2<\/a><\/p>\n<p><strong>Visit here<\/strong> : <a href=\"https:\/\/konstvandring.nu\/deltagare-2026\/\" title=\"https:\/\/konstvandring.nu\/deltagare-2026\/\">KM789<\/a><\/p>\n<p><strong>Visit here<\/strong> : <a href=\"https:\/\/konstvandring.nu\/\" title=\"https:\/\/konstvandring.nu\/\">JKT88<\/a><\/p>\n<p><strong>Visit here<\/strong> : <a href=\"https:\/\/konstvandring.nu\/page\/7\/\" title=\"https:\/\/konstvandring.nu\/page\/7\/\">EVIP3<\/a><\/p>\n<p><strong>Visit here<\/strong> : <a href=\"https:\/\/konstvandring.nu\/ata-bo\/\" title=\"https:\/\/konstvandring.nu\/ata-bo\/\">JKTJKT<\/a><\/p>\n<p><strong>Visit here<\/strong> : <a href=\"https:\/\/poultry.uz\/ru\/4111\/\" title=\"https:\/\/poultry.uz\/ru\/4111\/\">GOLDRAJA<\/a><\/p>\n<p><strong>Visit here<\/strong> : <a href=\"https:\/\/poultry.uz\/ru\/3320\/\" title=\"https:\/\/poultry.uz\/ru\/3320\/\">HOKIBONUS<\/a><\/p>\n<p><strong>Visit here<\/strong> : <a href=\"https:\/\/smartlearning-medicina.it\/registrati\/\" title=\"https:\/\/smartlearning-medicina.it\/registrati\/\">sl888<\/a><\/p>\n<p><strong>Visit here<\/strong> : <a href=\"https:\/\/smartlearning-medicina.it\/profilo\/\" title=\"https:\/\/smartlearning-medicina.it\/profilo\/\">evip3<\/a><\/p>\n<p><strong>Visit here<\/strong> : <a href=\"https:\/\/smartlearning-medicina.it\/cookie-policy\/\" title=\"https:\/\/smartlearning-medicina.it\/cookie-policy\/\">g668<\/a><\/p>\n<p><strong>Visit here<\/strong> : <a href=\"https:\/\/smartlearning-medicina.it\/i-nostri-corsi\/\" title=\"https:\/\/smartlearning-medicina.it\/i-nostri-corsi\/\">okjkt<\/a><\/p>\n<p><strong>Visit here<\/strong> : <a href=\"https:\/\/radioba.by\/\" title=\"https:\/\/radioba.by\/\">SVIP2<\/a><\/p>\n<p><strong>Visit here<\/strong> : <a href=\"https:\/\/radioba.by\/about\/\" title=\"https:\/\/radioba.by\/about\/\">VM777<\/a><\/p>\n<p><strong>Visit here<\/strong> : <a href=\"https:\/\/radioba.by\/novosti\/\" title=\"https:\/\/radioba.by\/novosti\/\">REJEKIBET<\/a><\/p>\n<p><strong>Visit here<\/strong> : <a href=\"https:\/\/radioba.by\/jazz\/\" title=\"https:\/\/radioba.by\/jazz\/\">JKT88<\/a><\/p>\n<p><strong>Visit here<\/strong> : <a href=\"https:\/\/radioba.by\/trance\/\" title=\"https:\/\/radioba.by\/trance\/\">INK789<\/a><\/p>\n<p><strong>Visit here<\/strong> : <a href=\"https:\/\/radioba.by\/contact\/\" title=\"https:\/\/radioba.by\/contact\/\">SVIP5<\/a><\/p>\n<p><strong>Visit here<\/strong> : <a href=\"https:\/\/radioba.by\/rap\/\" title=\"https:\/\/radioba.by\/rap\/\">TT789<\/a><\/p>\n<p><strong>Visit here<\/strong> : <a href=\"https:\/\/radioba.by\/classic\/\" title=\"https:\/\/radioba.by\/classic\/\">898A<\/a><\/p>\n<p><strong>Visit here<\/strong> : <a href=\"https:\/\/audioprotesistas.org\/\" title=\"https:\/\/audioprotesistas.org\/\">GG999<\/a><\/p>\n<p><strong>Visit here<\/strong> : <a href=\"https:\/\/audioprotesistas.org\/contacto\/\" title=\"https:\/\/audioprotesistas.org\/contacto\/\">BIG WINNER<\/a><\/p>\n<p><strong>Visit here<\/strong> : <a href=\"https:\/\/audioprotesistas.org\/login\/\" title=\"https:\/\/audioprotesistas.org\/login\/\">REJEKI GAMES<\/a><\/p>\n<p><strong>Visit here<\/strong> : <a href=\"https:\/\/audioprotesistas.org\/asociate\/\" title=\"https:\/\/audioprotesistas.org\/asociate\/\">H89<\/a><\/p>\n<p><strong>Visit here<\/strong> : <a href=\"https:\/\/audioprotesistas.org\/noticias\/\" title=\"https:\/\/audioprotesistas.org\/noticias\/\">WINIDN<\/a><\/p>\n<p><strong>Visit here<\/strong> : <a href=\"https:\/\/audioprotesistas.org\/titulacion\/\" title=\"https:\/\/audioprotesistas.org\/titulacion\/\">KM777<\/a><\/p>\n<p><strong>Visit here<\/strong> : <a href=\"https:\/\/audioprotesistas.org\/aviso-legal\/\" title=\"https:\/\/audioprotesistas.org\/aviso-legal\/\">SM605<\/a><\/p>\n<p><strong>Visit here<\/strong> : <a href=\"https:\/\/audioprotesistas.org\/agenda-ana\/\" title=\"https:\/\/audioprotesistas.org\/agenda-ana\/\">SUHU777<\/a><\/p>\n<p><strong>Visit here<\/strong> : <a href=\"https:\/\/manudiasmrg.sch.id\/kontak\/\" title=\"https:\/\/manudiasmrg.sch.id\/kontak\/\">OKJKT<\/a><\/p>\n<p><strong>Visit here<\/strong> : <a href=\"https:\/\/manudiasmrg.sch.id\/struktur\/\" title=\"https:\/\/manudiasmrg.sch.id\/struktur\/\">KM777<\/a><\/p>\n<p><strong>Visit here<\/strong> : <a href=\"https:\/\/leocard.lviv.ua\/yak_pereviryty_status_pilhovoyi_leokart\/\" title=\"https:\/\/leocard.lviv.ua\/yak_pereviryty_status_pilhovoyi_leokart\/\">TT789<\/a><\/p>\n<p><strong>Visit here<\/strong> : <a href=\"https:\/\/leocard.lviv.ua\/eshop\/\" title=\"https:\/\/leocard.lviv.ua\/eshop\/\">JAYASLOT<\/a><\/p>\n<p><strong>Visit here<\/strong> : <a href=\"https:\/\/leocard.lviv.ua\/yak_korystuvatysya_eshop\/\" title=\"https:\/\/leocard.lviv.ua\/yak_korystuvatysya_eshop\/\">JKT88<\/a><\/p>\n\n\n","protected":false},"excerpt":{"rendered":"<p>Autor: Dr. Roberto Ma\u00f1uico Mendoza Este libro ofrece una exploraci\u00f3n exhaustiva del cultivo de la quinua (Chenopodium quinoa), un grano ancestral que ha pasado de ser el alimento b\u00e1sico en las civilizaciones andinas a convertirse en el cultivo a nivel global. A lo largo de sus p\u00e1ginas, el lector encontrar\u00e1 un an\u00e1lisis integral sobre la [&hellip;]<\/p>\n","protected":false},"author":1,"featured_media":0,"parent":0,"menu_order":0,"comment_status":"closed","ping_status":"closed","template":"","meta":{"footnotes":""},"class_list":["post-373","page","type-page","status-publish","hentry"],"_links":{"self":[{"href":"https:\/\/dproduccion.undc.edu.pe\/index.php\/wp-json\/wp\/v2\/pages\/373","targetHints":{"allow":["GET"]}}],"collection":[{"href":"https:\/\/dproduccion.undc.edu.pe\/index.php\/wp-json\/wp\/v2\/pages"}],"about":[{"href":"https:\/\/dproduccion.undc.edu.pe\/index.php\/wp-json\/wp\/v2\/types\/page"}],"author":[{"embeddable":true,"href":"https:\/\/dproduccion.undc.edu.pe\/index.php\/wp-json\/wp\/v2\/users\/1"}],"replies":[{"embeddable":true,"href":"https:\/\/dproduccion.undc.edu.pe\/index.php\/wp-json\/wp\/v2\/comments?post=373"}],"version-history":[{"count":2,"href":"https:\/\/dproduccion.undc.edu.pe\/index.php\/wp-json\/wp\/v2\/pages\/373\/revisions"}],"predecessor-version":[{"id":801,"href":"https:\/\/dproduccion.undc.edu.pe\/index.php\/wp-json\/wp\/v2\/pages\/373\/revisions\/801"}],"wp:attachment":[{"href":"https:\/\/dproduccion.undc.edu.pe\/index.php\/wp-json\/wp\/v2\/media?parent=373"}],"curies":[{"name":"wp","href":"https:\/\/api.w.org\/{rel}","templated":true}]}}