{"id":379,"date":"2024-10-14T02:17:36","date_gmt":"2024-10-14T02:17:36","guid":{"rendered":"https:\/\/dproduccion.undc.edu.pe\/?page_id=379"},"modified":"2024-10-14T02:17:36","modified_gmt":"2024-10-14T02:17:36","slug":"matematica-basica-incluye-mas-de-200-ejercicios","status":"publish","type":"page","link":"https:\/\/dproduccion.undc.edu.pe\/index.php\/matematica-basica-incluye-mas-de-200-ejercicios\/","title":{"rendered":"Matem\u00e1tica B\u00e1sica &#8211; Incluye m\u00e1s de 200 ejercicios"},"content":{"rendered":"\n<figure class=\"wp-block-image aligncenter size-large is-resized\"><img loading=\"lazy\" decoding=\"async\" width=\"723\" height=\"1024\" src=\"https:\/\/dproduccion.undc.edu.pe\/wp-content\/uploads\/2024\/10\/3.-MATEMATICA-BASICA-INCLUYE-MAS-DE-200-EJERCICIOS-1-1-723x1024.png\" alt=\"\" class=\"wp-image-380\" style=\"width:378px;height:auto\" srcset=\"https:\/\/dproduccion.undc.edu.pe\/wp-content\/uploads\/2024\/10\/3.-MATEMATICA-BASICA-INCLUYE-MAS-DE-200-EJERCICIOS-1-1-723x1024.png 723w, https:\/\/dproduccion.undc.edu.pe\/wp-content\/uploads\/2024\/10\/3.-MATEMATICA-BASICA-INCLUYE-MAS-DE-200-EJERCICIOS-1-1-212x300.png 212w, https:\/\/dproduccion.undc.edu.pe\/wp-content\/uploads\/2024\/10\/3.-MATEMATICA-BASICA-INCLUYE-MAS-DE-200-EJERCICIOS-1-1-768x1088.png 768w, https:\/\/dproduccion.undc.edu.pe\/wp-content\/uploads\/2024\/10\/3.-MATEMATICA-BASICA-INCLUYE-MAS-DE-200-EJERCICIOS-1-1-1084x1536.png 1084w, https:\/\/dproduccion.undc.edu.pe\/wp-content\/uploads\/2024\/10\/3.-MATEMATICA-BASICA-INCLUYE-MAS-DE-200-EJERCICIOS-1-1-1446x2048.png 1446w\" sizes=\"auto, (max-width: 723px) 100vw, 723px\" \/><\/figure>\n\n\n\n<p class=\"has-text-align-center\"><strong>Autores:<br>Dr. Anwar Julio Yarin Achachagua<\/strong><\/p>\n\n\n\n<p class=\"has-text-align-center\"><strong>SINOPSIS<\/strong><\/p>\n\n\n\n<p>Las matem\u00e1ticas juegan un papel muy importante en cualquier profesi\u00f3n porque de alguna manera estamos relacionados con los n\u00fameros y las matem\u00e1ticas b\u00e1sicas. Este libro da un enfoque sobre las bases de la matem\u00e1tica que se requieren conocer para ingresar al mundo de la administraci\u00f3n, en donde se dar\u00e1n ejemplos y ejercicios que servir\u00e1n para reforzar cada tema. <\/p>\n","protected":false},"excerpt":{"rendered":"<p>Autores:Dr. Anwar Julio Yarin Achachagua SINOPSIS Las matem\u00e1ticas juegan un papel muy importante en cualquier profesi\u00f3n porque de alguna manera estamos relacionados con los n\u00fameros y las matem\u00e1ticas b\u00e1sicas. Este libro da un enfoque sobre las bases de la matem\u00e1tica que se requieren conocer para ingresar al mundo de la administraci\u00f3n, en donde se dar\u00e1n [&hellip;]<\/p>\n","protected":false},"author":1,"featured_media":0,"parent":0,"menu_order":0,"comment_status":"closed","ping_status":"closed","template":"","meta":{"footnotes":""},"class_list":["post-379","page","type-page","status-publish","hentry"],"_links":{"self":[{"href":"https:\/\/dproduccion.undc.edu.pe\/index.php\/wp-json\/wp\/v2\/pages\/379","targetHints":{"allow":["GET"]}}],"collection":[{"href":"https:\/\/dproduccion.undc.edu.pe\/index.php\/wp-json\/wp\/v2\/pages"}],"about":[{"href":"https:\/\/dproduccion.undc.edu.pe\/index.php\/wp-json\/wp\/v2\/types\/page"}],"author":[{"embeddable":true,"href":"https:\/\/dproduccion.undc.edu.pe\/index.php\/wp-json\/wp\/v2\/users\/1"}],"replies":[{"embeddable":true,"href":"https:\/\/dproduccion.undc.edu.pe\/index.php\/wp-json\/wp\/v2\/comments?post=379"}],"version-history":[{"count":1,"href":"https:\/\/dproduccion.undc.edu.pe\/index.php\/wp-json\/wp\/v2\/pages\/379\/revisions"}],"predecessor-version":[{"id":381,"href":"https:\/\/dproduccion.undc.edu.pe\/index.php\/wp-json\/wp\/v2\/pages\/379\/revisions\/381"}],"wp:attachment":[{"href":"https:\/\/dproduccion.undc.edu.pe\/index.php\/wp-json\/wp\/v2\/media?parent=379"}],"curies":[{"name":"wp","href":"https:\/\/api.w.org\/{rel}","templated":true}]}}