{"id":383,"date":"2024-10-14T02:25:25","date_gmt":"2024-10-14T02:25:25","guid":{"rendered":"https:\/\/dproduccion.undc.edu.pe\/?page_id=383"},"modified":"2024-10-14T02:25:25","modified_gmt":"2024-10-14T02:25:25","slug":"manual-del-manejo-agronomico-del-cultivo-de-camote","status":"publish","type":"page","link":"https:\/\/dproduccion.undc.edu.pe\/index.php\/manual-del-manejo-agronomico-del-cultivo-de-camote\/","title":{"rendered":"Manual del manejo agron\u00f3mico del cultivo de camote"},"content":{"rendered":"\n<figure class=\"wp-block-image aligncenter size-large is-resized\"><img loading=\"lazy\" decoding=\"async\" width=\"723\" height=\"1024\" src=\"https:\/\/dproduccion.undc.edu.pe\/wp-content\/uploads\/2024\/10\/4.-MANUAL-DE-MANEJO-AGRONOMICO-DEL-CULTIVO-DE-CAMOTE-1-1-723x1024.png\" alt=\"\" class=\"wp-image-384\" style=\"width:311px;height:auto\" srcset=\"https:\/\/dproduccion.undc.edu.pe\/wp-content\/uploads\/2024\/10\/4.-MANUAL-DE-MANEJO-AGRONOMICO-DEL-CULTIVO-DE-CAMOTE-1-1-723x1024.png 723w, https:\/\/dproduccion.undc.edu.pe\/wp-content\/uploads\/2024\/10\/4.-MANUAL-DE-MANEJO-AGRONOMICO-DEL-CULTIVO-DE-CAMOTE-1-1-212x300.png 212w, https:\/\/dproduccion.undc.edu.pe\/wp-content\/uploads\/2024\/10\/4.-MANUAL-DE-MANEJO-AGRONOMICO-DEL-CULTIVO-DE-CAMOTE-1-1-768x1088.png 768w, https:\/\/dproduccion.undc.edu.pe\/wp-content\/uploads\/2024\/10\/4.-MANUAL-DE-MANEJO-AGRONOMICO-DEL-CULTIVO-DE-CAMOTE-1-1-1084x1536.png 1084w, https:\/\/dproduccion.undc.edu.pe\/wp-content\/uploads\/2024\/10\/4.-MANUAL-DE-MANEJO-AGRONOMICO-DEL-CULTIVO-DE-CAMOTE-1-1-1446x2048.png 1446w\" sizes=\"auto, (max-width: 723px) 100vw, 723px\" \/><\/figure>\n\n\n\n<p class=\"has-text-align-center\"><strong>Autores: <br>Dr. Roberto Coaquira Incacari <br>Dr. Mario Humberto Taipe Cancho <\/strong><\/p>\n\n\n\n<p class=\"has-text-align-center\"><strong>SINOPSIS <\/strong><\/p>\n\n\n\n<p>Es una obra esencial para agricultores, estudiantes e investigadores interesados en optimizar la producci\u00f3n de Ipomoea batatas. Este manual aborda de manera integral los aspectos bot\u00e1nicos, morfol\u00f3gicos y productivos del camote, destacando su importancia en la seguridad alimentaria y su versatilidad en diferentes sectores econ\u00f3micos. A trav\u00e9s de una gu\u00eda pr\u00e1ctica y detallada, los lectores aprender\u00e1n desde la preparaci\u00f3n del suelo y el control de plagas, hasta la cosecha y comercializaci\u00f3n de esta valiosa ra\u00edz. Un recurso indispensable para quienes buscan mejorar la eficiencia y sostenibilidad en el cultivo de camote. <\/p>\n","protected":false},"excerpt":{"rendered":"<p>Autores: Dr. Roberto Coaquira Incacari Dr. Mario Humberto Taipe Cancho SINOPSIS Es una obra esencial para agricultores, estudiantes e investigadores interesados en optimizar la producci\u00f3n de Ipomoea batatas. Este manual aborda de manera integral los aspectos bot\u00e1nicos, morfol\u00f3gicos y productivos del camote, destacando su importancia en la seguridad alimentaria y su versatilidad en diferentes sectores [&hellip;]<\/p>\n","protected":false},"author":1,"featured_media":0,"parent":0,"menu_order":0,"comment_status":"closed","ping_status":"closed","template":"","meta":{"footnotes":""},"class_list":["post-383","page","type-page","status-publish","hentry"],"_links":{"self":[{"href":"https:\/\/dproduccion.undc.edu.pe\/index.php\/wp-json\/wp\/v2\/pages\/383","targetHints":{"allow":["GET"]}}],"collection":[{"href":"https:\/\/dproduccion.undc.edu.pe\/index.php\/wp-json\/wp\/v2\/pages"}],"about":[{"href":"https:\/\/dproduccion.undc.edu.pe\/index.php\/wp-json\/wp\/v2\/types\/page"}],"author":[{"embeddable":true,"href":"https:\/\/dproduccion.undc.edu.pe\/index.php\/wp-json\/wp\/v2\/users\/1"}],"replies":[{"embeddable":true,"href":"https:\/\/dproduccion.undc.edu.pe\/index.php\/wp-json\/wp\/v2\/comments?post=383"}],"version-history":[{"count":1,"href":"https:\/\/dproduccion.undc.edu.pe\/index.php\/wp-json\/wp\/v2\/pages\/383\/revisions"}],"predecessor-version":[{"id":385,"href":"https:\/\/dproduccion.undc.edu.pe\/index.php\/wp-json\/wp\/v2\/pages\/383\/revisions\/385"}],"wp:attachment":[{"href":"https:\/\/dproduccion.undc.edu.pe\/index.php\/wp-json\/wp\/v2\/media?parent=383"}],"curies":[{"name":"wp","href":"https:\/\/api.w.org\/{rel}","templated":true}]}}