{"id":386,"date":"2024-10-14T02:29:44","date_gmt":"2024-10-14T02:29:44","guid":{"rendered":"https:\/\/dproduccion.undc.edu.pe\/?page_id=386"},"modified":"2024-10-14T02:29:44","modified_gmt":"2024-10-14T02:29:44","slug":"guia-didactica-de-seminario-de-tesis","status":"publish","type":"page","link":"https:\/\/dproduccion.undc.edu.pe\/index.php\/guia-didactica-de-seminario-de-tesis\/","title":{"rendered":"Gu\u00eda did\u00e1ctica de seminario de tesis"},"content":{"rendered":"\n<figure class=\"wp-block-image aligncenter size-large is-resized\"><img loading=\"lazy\" decoding=\"async\" width=\"723\" height=\"1024\" src=\"https:\/\/dproduccion.undc.edu.pe\/wp-content\/uploads\/2024\/10\/5.-GUIA-DIDACTICA-DE-SEMINARIO-DE-TESIS-1-723x1024.png\" alt=\"\" class=\"wp-image-387\" style=\"width:439px;height:auto\" srcset=\"https:\/\/dproduccion.undc.edu.pe\/wp-content\/uploads\/2024\/10\/5.-GUIA-DIDACTICA-DE-SEMINARIO-DE-TESIS-1-723x1024.png 723w, https:\/\/dproduccion.undc.edu.pe\/wp-content\/uploads\/2024\/10\/5.-GUIA-DIDACTICA-DE-SEMINARIO-DE-TESIS-1-212x300.png 212w, https:\/\/dproduccion.undc.edu.pe\/wp-content\/uploads\/2024\/10\/5.-GUIA-DIDACTICA-DE-SEMINARIO-DE-TESIS-1-768x1088.png 768w, https:\/\/dproduccion.undc.edu.pe\/wp-content\/uploads\/2024\/10\/5.-GUIA-DIDACTICA-DE-SEMINARIO-DE-TESIS-1-1084x1536.png 1084w, https:\/\/dproduccion.undc.edu.pe\/wp-content\/uploads\/2024\/10\/5.-GUIA-DIDACTICA-DE-SEMINARIO-DE-TESIS-1-1446x2048.png 1446w\" sizes=\"auto, (max-width: 723px) 100vw, 723px\" \/><\/figure>\n\n\n\n<p class=\"has-text-align-center\"><strong>Autor: <br>Dra. Patricia Matilde Huallpa Quispe <\/strong><\/p>\n\n\n\n<p class=\"has-text-align-center\"><strong>SINOPSIS<\/strong><\/p>\n\n\n\n<p>Este estudio analiza la influencia de la actitud ambiental de estudiantes de educaci\u00f3n superior sobre su opini\u00f3n acerca del impuesto a las bolsas pl\u00e1sticas. Con una muestra de 135 estudiantes, se encontr\u00f3 que su conciencia ambiental impacta significativamente su percepci\u00f3n del impuesto. <\/p>\n\n\n\n<p>A pesar de las leyes existentes, el desaf\u00edo del pl\u00e1stico persiste. Los estudiantes son clave en la promoci\u00f3n de alternativas sostenibles. La investigaci\u00f3n concluye que la colaboraci\u00f3n entre ciudadanos, empresas y autoridades es esencial para avanzar hacia una econom\u00eda circular en el Per\u00fa y fomentar un futuro m\u00e1s limpio. <\/p>\n","protected":false},"excerpt":{"rendered":"<p>Autor: Dra. Patricia Matilde Huallpa Quispe SINOPSIS Este estudio analiza la influencia de la actitud ambiental de estudiantes de educaci\u00f3n superior sobre su opini\u00f3n acerca del impuesto a las bolsas pl\u00e1sticas. Con una muestra de 135 estudiantes, se encontr\u00f3 que su conciencia ambiental impacta significativamente su percepci\u00f3n del impuesto. A pesar de las leyes existentes, [&hellip;]<\/p>\n","protected":false},"author":1,"featured_media":0,"parent":0,"menu_order":0,"comment_status":"closed","ping_status":"closed","template":"","meta":{"footnotes":""},"class_list":["post-386","page","type-page","status-publish","hentry"],"_links":{"self":[{"href":"https:\/\/dproduccion.undc.edu.pe\/index.php\/wp-json\/wp\/v2\/pages\/386","targetHints":{"allow":["GET"]}}],"collection":[{"href":"https:\/\/dproduccion.undc.edu.pe\/index.php\/wp-json\/wp\/v2\/pages"}],"about":[{"href":"https:\/\/dproduccion.undc.edu.pe\/index.php\/wp-json\/wp\/v2\/types\/page"}],"author":[{"embeddable":true,"href":"https:\/\/dproduccion.undc.edu.pe\/index.php\/wp-json\/wp\/v2\/users\/1"}],"replies":[{"embeddable":true,"href":"https:\/\/dproduccion.undc.edu.pe\/index.php\/wp-json\/wp\/v2\/comments?post=386"}],"version-history":[{"count":1,"href":"https:\/\/dproduccion.undc.edu.pe\/index.php\/wp-json\/wp\/v2\/pages\/386\/revisions"}],"predecessor-version":[{"id":388,"href":"https:\/\/dproduccion.undc.edu.pe\/index.php\/wp-json\/wp\/v2\/pages\/386\/revisions\/388"}],"wp:attachment":[{"href":"https:\/\/dproduccion.undc.edu.pe\/index.php\/wp-json\/wp\/v2\/media?parent=386"}],"curies":[{"name":"wp","href":"https:\/\/api.w.org\/{rel}","templated":true}]}}