{"id":397,"date":"2024-10-14T14:02:17","date_gmt":"2024-10-14T14:02:17","guid":{"rendered":"https:\/\/dproduccion.undc.edu.pe\/?page_id=397"},"modified":"2024-10-14T14:02:17","modified_gmt":"2024-10-14T14:02:17","slug":"concurso-de-publicacion-de-libros-2024","status":"publish","type":"page","link":"https:\/\/dproduccion.undc.edu.pe\/index.php\/concurso-de-publicacion-de-libros-2024\/","title":{"rendered":"CONCURSO DE PUBLICACI\u00d3N DE LIBROS 2024"},"content":{"rendered":"\n<ul class=\"wp-block-list\">\n<li><a href=\"https:\/\/drive.google.com\/file\/d\/1h4oohD0INWb9xW5MsNPenjMJFl3wJwkQ\/view?usp=sharing\"><strong>R.C.O. N\u00b0 190-2024-UNDC<\/strong>.<\/a> Resoluci\u00f3n de aprobaci\u00f3n de las bases del Concurso de Publicaci\u00f3n de Libros para docentes de la Universidad Nacional de Ca\u00f1ete 2024. <br>  <\/li>\n\n\n\n<li><a href=\"https:\/\/drive.google.com\/file\/d\/1mOkFVsiGGax4p4ylkkxRG05qeH2toTHL\/view?usp=sharing\"><strong>R.C.O. N\u00b0 223-2024-UNDC<\/strong>.<\/a> Resoluci\u00f3n de la modificaci\u00f3n de las bases del concurso de publicaci\u00f3n de libros para docentes de la Universidad Nacional de Ca\u00f1ete 2024, aprobada con resoluci\u00f3n de comisi\u00f3n organizadora N\u00b0 190-2024-UNDC\/CO.<br>   <\/li>\n\n\n\n<li><a href=\"https:\/\/drive.google.com\/file\/d\/1D2pOZ67KjCCrPyomLSx_SaIwPDzJV4w0\/view?usp=sharing\"><strong>R.C.O. N\u00b0 234-2024-UNDC<\/strong>.<\/a> Resoluci\u00f3n de conformaci\u00f3n del jurado externo del concurso de publicaci\u00f3n de libros para docentes de la Universidad Nacional de Ca\u00f1ete 2024. <br>   <\/li>\n\n\n\n<li><a href=\"https:\/\/drive.google.com\/file\/d\/1mEWziR66azJt9xKEn21NPQO6Oket5u-Y\/view?usp=sharing\"><strong>R.C.O. N\u00b0 242-2024-UNDC<\/strong>.<\/a> Resoluci\u00f3n de aprobaci\u00f3n de\u00a0los resultados del Concurso de Publicaci\u00f3n de Libros para docentes de la Universidad Nacional de Ca\u00f1ete 2024. <br><\/li>\n<\/ul>\n","protected":false},"excerpt":{"rendered":"","protected":false},"author":1,"featured_media":0,"parent":0,"menu_order":0,"comment_status":"closed","ping_status":"closed","template":"","meta":{"footnotes":""},"class_list":["post-397","page","type-page","status-publish","hentry"],"_links":{"self":[{"href":"https:\/\/dproduccion.undc.edu.pe\/index.php\/wp-json\/wp\/v2\/pages\/397","targetHints":{"allow":["GET"]}}],"collection":[{"href":"https:\/\/dproduccion.undc.edu.pe\/index.php\/wp-json\/wp\/v2\/pages"}],"about":[{"href":"https:\/\/dproduccion.undc.edu.pe\/index.php\/wp-json\/wp\/v2\/types\/page"}],"author":[{"embeddable":true,"href":"https:\/\/dproduccion.undc.edu.pe\/index.php\/wp-json\/wp\/v2\/users\/1"}],"replies":[{"embeddable":true,"href":"https:\/\/dproduccion.undc.edu.pe\/index.php\/wp-json\/wp\/v2\/comments?post=397"}],"version-history":[{"count":1,"href":"https:\/\/dproduccion.undc.edu.pe\/index.php\/wp-json\/wp\/v2\/pages\/397\/revisions"}],"predecessor-version":[{"id":398,"href":"https:\/\/dproduccion.undc.edu.pe\/index.php\/wp-json\/wp\/v2\/pages\/397\/revisions\/398"}],"wp:attachment":[{"href":"https:\/\/dproduccion.undc.edu.pe\/index.php\/wp-json\/wp\/v2\/media?parent=397"}],"curies":[{"name":"wp","href":"https:\/\/api.w.org\/{rel}","templated":true}]}}