{"id":416,"date":"2024-10-14T16:31:25","date_gmt":"2024-10-14T16:31:25","guid":{"rendered":"https:\/\/dproduccion.undc.edu.pe\/?page_id=416"},"modified":"2025-06-12T13:53:00","modified_gmt":"2025-06-12T13:53:00","slug":"nosotros","status":"publish","type":"page","link":"https:\/\/dproduccion.undc.edu.pe\/index.php\/nosotros\/","title":{"rendered":"Nosotros"},"content":{"rendered":"\n<div class=\"wp-block-columns are-vertically-aligned-center is-layout-flex wp-container-core-columns-is-layout-cfc9d48e wp-block-columns-is-layout-flex\" style=\"margin-top:0;margin-bottom:var(--wp--preset--spacing--xx-large)\">\n<div class=\"wp-block-column is-vertically-aligned-center is-layout-flow wp-container-core-column-is-layout-8a368f38 wp-block-column-is-layout-flow\">\n<div class=\"wp-block-cover is-light animated backInDown delay-500ms wp-duotone-unset-1\" style=\"border-width:2px;border-radius:20px;margin-top:var(--wp--preset--spacing--x-small);margin-bottom:var(--wp--preset--spacing--x-small);padding-top:0;padding-bottom:0;min-height:538px;aspect-ratio:unset;\"><img loading=\"lazy\" decoding=\"async\" width=\"400\" height=\"523\" class=\"wp-block-cover__image-background wp-image-682 size-full\" alt=\"\" src=\"https:\/\/dproduccion.undc.edu.pe\/wp-content\/uploads\/2024\/10\/ortega-gomero.png\" style=\"object-position:63% 28%\" data-object-fit=\"cover\" data-object-position=\"63% 28%\" srcset=\"https:\/\/dproduccion.undc.edu.pe\/wp-content\/uploads\/2024\/10\/ortega-gomero.png 400w, https:\/\/dproduccion.undc.edu.pe\/wp-content\/uploads\/2024\/10\/ortega-gomero-229x300.png 229w\" sizes=\"auto, (max-width: 400px) 100vw, 400px\" \/><span aria-hidden=\"true\" class=\"wp-block-cover__background has-background-dim-10 has-background-dim\" style=\"background-color:#aaa09c\"><\/span><div class=\"wp-block-cover__inner-container has-global-padding is-layout-constrained wp-block-cover-is-layout-constrained\">\n<p class=\"has-text-align-center has-large-font-size\"><\/p>\n<\/div><\/div>\n<\/div>\n\n\n\n<div class=\"wp-block-column is-vertically-aligned-center is-layout-flow wp-block-column-is-layout-flow\">\n<div class=\"wp-block-group has-global-padding is-layout-constrained wp-block-group-is-layout-constrained\">\n<h6 class=\"wp-block-heading has-text-align-left has-x-small-font-size animated backInDown delay-500ms has-accent-color has-text-color has-link-color wp-elements-58532b34b2b3546dbf13c9b52da5ca86\"><\/h6>\n\n\n\n<h2 class=\"wp-block-heading has-text-align-left animated bounceInRight delay-1s\" style=\"margin-top:var(--wp--preset--spacing--x-small);margin-right:0;margin-bottom:var(--wp--preset--spacing--small);margin-left:0;font-style:normal;font-weight:700;line-height:1.4\">Dr. Santiago Alejandro Ortega Gomero<\/h2>\n\n\n\n<p class=\"has-text-align-left animated fadeInRight delay-1s\"><em><strong>Director de la Direcci\u00f3n de Producci\u00f3n de Bienes y Servicios<\/strong><\/em><\/p>\n\n\n\n<p class=\"has-text-align-left animated bounceInLeft delay-2s has-pure-black-color has-text-color has-link-color has-small-font-size wp-elements-4efc65f286829edbb12bc96b7028f4ce\">\nGestionar de manera eficiente los recursos para asegurar la calidad y mejora continua de los productos y servicios que apoyan nuestras actividades acad\u00e9micas y administrativas. Con un enfoque en la innovaci\u00f3n y la sostenibilidad, trabajamos para ofrecer soluciones que contribuyan al desarrollo integral de nuestra comunidad universitaria.\n<\/p>\n\n\n\n<div class=\"wp-block-columns are-vertically-aligned-center animated backInRight delay-1s is-style-default is-layout-flex wp-container-core-columns-is-layout-bc746ac6 wp-block-columns-is-layout-flex\" style=\"margin-top:var(--wp--preset--spacing--medium);margin-bottom:0;padding-top:0;padding-right:0;padding-bottom:0;padding-left:0\">\n<div class=\"wp-block-column is-vertically-aligned-center is-layout-flow wp-block-column-is-layout-flow\">\n<div class=\"wp-block-group has-global-padding is-layout-constrained wp-container-core-group-is-layout-1cf92c6e wp-block-group-is-layout-constrained\" style=\"margin-top:0;margin-bottom:0;padding-top:0;padding-right:0;padding-bottom:0;padding-left:0\">\n<figure class=\"wp-block-image aligncenter size-full is-resized is-style-default\"><img decoding=\"async\" src=\"https:\/\/dproduccion.undc.edu.pe\/wp-content\/themes\/blockskit-education\/assets\/images\/about-img4.png\" alt=\"\" class=\"wp-image-644\" style=\"object-fit:cover;width:70px;height:70px\"\/><\/figure>\n\n\n\n<h6 class=\"wp-block-heading has-text-align-center has-x-small-font-size\" style=\"margin-top:var(--wp--preset--spacing--x-small);margin-right:0;margin-bottom:0px;margin-left:0\">Orientaci\u00f3n a la calidad<\/h6>\n<\/div>\n<\/div>\n\n\n\n<div class=\"wp-block-column is-vertically-aligned-center is-layout-flow wp-block-column-is-layout-flow\">\n<div class=\"wp-block-group has-global-padding is-content-justification-center is-layout-constrained wp-block-group-is-layout-constrained\">\n<figure class=\"wp-block-image aligncenter size-full is-resized is-style-default\"><img decoding=\"async\" src=\"https:\/\/dproduccion.undc.edu.pe\/wp-content\/themes\/blockskit-education\/assets\/images\/about-img5.png\" alt=\"\" class=\"wp-image-646\" style=\"width:70px\"\/><\/figure>\n\n\n\n<h6 class=\"wp-block-heading has-text-align-center has-x-small-font-size\" style=\"margin-top:var(--wp--preset--spacing--x-small);margin-right:0;margin-bottom:0px;margin-left:0\">Liderazgo<\/h6>\n<\/div>\n<\/div>\n\n\n\n<div class=\"wp-block-column is-vertically-aligned-center is-layout-flow wp-block-column-is-layout-flow\">\n<div class=\"wp-block-group has-global-padding is-layout-constrained wp-container-core-group-is-layout-493f6a5a wp-block-group-is-layout-constrained\">\n<figure class=\"wp-block-image aligncenter size-full is-resized is-style-default\"><img decoding=\"async\" src=\"https:\/\/dproduccion.undc.edu.pe\/wp-content\/themes\/blockskit-education\/assets\/images\/about-img6.png\" alt=\"\" class=\"wp-image-647\" style=\"width:70px\"\/><\/figure>\n\n\n\n<h6 class=\"wp-block-heading has-text-align-center has-x-small-font-size\" style=\"margin-top:var(--wp--preset--spacing--x-small);margin-right:0;margin-bottom:0px;margin-left:0\">Eficiencia<\/h6>\n<\/div>\n<\/div>\n\n\n\n<div class=\"wp-block-column is-vertically-aligned-center is-layout-flow wp-block-column-is-layout-flow\">\n<div class=\"wp-block-group has-global-padding is-layout-constrained wp-block-group-is-layout-constrained\">\n<figure class=\"wp-block-image aligncenter size-full is-resized is-style-default\"><img decoding=\"async\" src=\"https:\/\/dproduccion.undc.edu.pe\/wp-content\/themes\/blockskit-education\/assets\/images\/about-img7.png\" alt=\"\" class=\"wp-image-648\" style=\"width:auto;height:70px\"\/><\/figure>\n\n\n\n<h6 class=\"wp-block-heading has-text-align-center has-x-small-font-size\" style=\"margin-top:var(--wp--preset--spacing--x-small);margin-right:0;margin-bottom:0px;margin-left:0\">Pensamiento estrat\u00e9gico<\/h6>\n<\/div>\n<\/div>\n<\/div>\n<\/div>\n<\/div>\n<\/div>\n\n\n\n<div class=\"wp-block-columns are-vertically-aligned-center is-layout-flex wp-container-core-columns-is-layout-cfc9d48e wp-block-columns-is-layout-flex\" style=\"margin-top:0;margin-bottom:var(--wp--preset--spacing--xx-large)\">\n<div class=\"wp-block-column is-vertically-aligned-center is-layout-flow wp-container-core-column-is-layout-8a368f38 wp-block-column-is-layout-flow\">\n<div class=\"wp-block-cover is-light animated backInDown delay-500ms wp-duotone-unset-2\" style=\"border-width:2px;border-radius:20px;margin-top:var(--wp--preset--spacing--x-small);margin-bottom:var(--wp--preset--spacing--x-small);padding-top:0;padding-bottom:0;min-height:437px;aspect-ratio:unset;\"><img loading=\"lazy\" decoding=\"async\" width=\"7298\" height=\"6723\" class=\"wp-block-cover__image-background wp-image-578\" alt=\"\" src=\"https:\/\/dproduccion.undc.edu.pe\/wp-content\/uploads\/2024\/10\/tatiana.png\" data-object-fit=\"cover\" srcset=\"https:\/\/dproduccion.undc.edu.pe\/wp-content\/uploads\/2024\/10\/tatiana.png 7298w, https:\/\/dproduccion.undc.edu.pe\/wp-content\/uploads\/2024\/10\/tatiana-300x276.png 300w, https:\/\/dproduccion.undc.edu.pe\/wp-content\/uploads\/2024\/10\/tatiana-1024x943.png 1024w, https:\/\/dproduccion.undc.edu.pe\/wp-content\/uploads\/2024\/10\/tatiana-768x707.png 768w, https:\/\/dproduccion.undc.edu.pe\/wp-content\/uploads\/2024\/10\/tatiana-1536x1415.png 1536w, https:\/\/dproduccion.undc.edu.pe\/wp-content\/uploads\/2024\/10\/tatiana-2048x1887.png 2048w\" sizes=\"auto, (max-width: 7298px) 100vw, 7298px\" \/><span aria-hidden=\"true\" class=\"wp-block-cover__background has-background-dim-10 has-background-dim\" style=\"background-color:#aaa09c\"><\/span><div class=\"wp-block-cover__inner-container has-global-padding is-layout-constrained wp-block-cover-is-layout-constrained\">\n<p class=\"has-text-align-center has-large-font-size\"><\/p>\n<\/div><\/div>\n<\/div>\n\n\n\n<div class=\"wp-block-column is-vertically-aligned-center is-layout-flow wp-block-column-is-layout-flow\">\n<div class=\"wp-block-group has-global-padding is-layout-constrained wp-block-group-is-layout-constrained\">\n<h6 class=\"wp-block-heading has-text-align-left has-x-small-font-size animated backInRight has-accent-color has-text-color has-link-color wp-elements-7196a36f296be5651f22f92aa63c5878\"><\/h6>\n\n\n\n<h3 class=\"wp-block-heading has-text-align-left animated backInRight\" style=\"margin-top:var(--wp--preset--spacing--x-small);margin-right:var(--wp--preset--spacing--x-small);margin-bottom:var(--wp--preset--spacing--small);margin-left:0;font-style:normal;font-weight:700;line-height:1.3\">Ing. Ethell Tatiana <br>Rivera Gutierrez<\/h3>\n\n\n\n<p class=\"has-text-align-left animated backInRight\"><em><strong>Analista de la Direcci\u00f3n de Producci\u00f3n de Bienes y Servicios<\/strong><\/em><\/p>\n\n\n\n<p class=\"has-text-align-left animated backInRight delay-1s has-small-font-size\">Planificar y coordinar el uso eficiente de los recursos, garantizando que los productos y servicios cumplan con los est\u00e1ndares de calidad. Mis funciones incluyen la implementaci\u00f3n de estrategias para la mejora continua, supervisi\u00f3n de proyectos clave, y el fomento de la innovaci\u00f3n y la sostenibilidad, asegurando que las operaciones apoyen las necesidades acad\u00e9micas y administrativas de manera efectiva.<\/p>\n<\/div>\n<\/div>\n<\/div>\n","protected":false},"excerpt":{"rendered":"<p>Dr. Santiago Alejandro Ortega Gomero Director de la Direcci\u00f3n de Producci\u00f3n de Bienes y Servicios Gestionar de manera eficiente los recursos para asegurar la calidad y mejora continua de los productos y servicios que apoyan nuestras actividades acad\u00e9micas y administrativas. Con un enfoque en la innovaci\u00f3n y la sostenibilidad, trabajamos para ofrecer soluciones que contribuyan [&hellip;]<\/p>\n","protected":false},"author":1,"featured_media":0,"parent":0,"menu_order":0,"comment_status":"closed","ping_status":"closed","template":"","meta":{"footnotes":""},"class_list":["post-416","page","type-page","status-publish","hentry"],"_links":{"self":[{"href":"https:\/\/dproduccion.undc.edu.pe\/index.php\/wp-json\/wp\/v2\/pages\/416","targetHints":{"allow":["GET"]}}],"collection":[{"href":"https:\/\/dproduccion.undc.edu.pe\/index.php\/wp-json\/wp\/v2\/pages"}],"about":[{"href":"https:\/\/dproduccion.undc.edu.pe\/index.php\/wp-json\/wp\/v2\/types\/page"}],"author":[{"embeddable":true,"href":"https:\/\/dproduccion.undc.edu.pe\/index.php\/wp-json\/wp\/v2\/users\/1"}],"replies":[{"embeddable":true,"href":"https:\/\/dproduccion.undc.edu.pe\/index.php\/wp-json\/wp\/v2\/comments?post=416"}],"version-history":[{"count":11,"href":"https:\/\/dproduccion.undc.edu.pe\/index.php\/wp-json\/wp\/v2\/pages\/416\/revisions"}],"predecessor-version":[{"id":687,"href":"https:\/\/dproduccion.undc.edu.pe\/index.php\/wp-json\/wp\/v2\/pages\/416\/revisions\/687"}],"wp:attachment":[{"href":"https:\/\/dproduccion.undc.edu.pe\/index.php\/wp-json\/wp\/v2\/media?parent=416"}],"curies":[{"name":"wp","href":"https:\/\/api.w.org\/{rel}","templated":true}]}}