{"id":486,"date":"2024-10-14T17:54:05","date_gmt":"2024-10-14T17:54:05","guid":{"rendered":"https:\/\/dproduccion.undc.edu.pe\/?page_id=486"},"modified":"2024-10-14T17:54:05","modified_gmt":"2024-10-14T17:54:05","slug":"concurso-de-publicacion-de-libros-2023","status":"publish","type":"page","link":"https:\/\/dproduccion.undc.edu.pe\/index.php\/concurso-de-publicacion-de-libros-2023\/","title":{"rendered":"CONCURSO DE PUBLICACI\u00d3N DE LIBROS 2023"},"content":{"rendered":"\n<ul class=\"wp-block-list\">\n<li class=\"has-outfit-font-family\"><strong><a href=\"https:\/\/drive.google.com\/file\/d\/11lKllUgePpX2RSfrALR73dVas7jO7D5p\/view?usp=sharing\">R.P. N\u00b0 149-2023-UNDC:<\/a> <\/strong>Resoluci\u00f3n de aprobaci\u00f3n de las bases del concurso de publicaci\u00f3n de libros para docentes de Universidad Nacional de Ca\u00f1ete 2023, que est\u00e1 contenido en doce 12 fojas, debidamente selladas y rubricadas y forma parte de la presente resoluci\u00f3n.<br>     <\/li>\n\n\n\n<li class=\"has-outfit-font-family\"><strong><a href=\"https:\/\/drive.google.com\/file\/d\/1E165nWsBGXGlJqOI0606qBzwqA2io0Ii\/view?usp=sharing\">R.P. N\u00b0 180-2023-UNDC:<\/a> <\/strong>Resoluci\u00f3n de ratificaci\u00f3n de la resoluci\u00f3n de Vicepresidencia de Investigaci\u00f3n N\u00b0056-2023-UNDC de fecha 17 de octubre de 2023, donde se oficializ\u00f3 los resultados del concurso de publicaci\u00f3n de libros para docentes de la Universidad Nacional de Ca\u00f1ete de 2023, declarando como ganadores del citado concurso a los docentes.<\/li>\n<\/ul>\n","protected":false},"excerpt":{"rendered":"","protected":false},"author":1,"featured_media":0,"parent":0,"menu_order":0,"comment_status":"closed","ping_status":"closed","template":"","meta":{"footnotes":""},"class_list":["post-486","page","type-page","status-publish","hentry"],"_links":{"self":[{"href":"https:\/\/dproduccion.undc.edu.pe\/index.php\/wp-json\/wp\/v2\/pages\/486","targetHints":{"allow":["GET"]}}],"collection":[{"href":"https:\/\/dproduccion.undc.edu.pe\/index.php\/wp-json\/wp\/v2\/pages"}],"about":[{"href":"https:\/\/dproduccion.undc.edu.pe\/index.php\/wp-json\/wp\/v2\/types\/page"}],"author":[{"embeddable":true,"href":"https:\/\/dproduccion.undc.edu.pe\/index.php\/wp-json\/wp\/v2\/users\/1"}],"replies":[{"embeddable":true,"href":"https:\/\/dproduccion.undc.edu.pe\/index.php\/wp-json\/wp\/v2\/comments?post=486"}],"version-history":[{"count":1,"href":"https:\/\/dproduccion.undc.edu.pe\/index.php\/wp-json\/wp\/v2\/pages\/486\/revisions"}],"predecessor-version":[{"id":487,"href":"https:\/\/dproduccion.undc.edu.pe\/index.php\/wp-json\/wp\/v2\/pages\/486\/revisions\/487"}],"wp:attachment":[{"href":"https:\/\/dproduccion.undc.edu.pe\/index.php\/wp-json\/wp\/v2\/media?parent=486"}],"curies":[{"name":"wp","href":"https:\/\/api.w.org\/{rel}","templated":true}]}}