{"id":574,"date":"2024-10-17T21:18:51","date_gmt":"2024-10-17T21:18:51","guid":{"rendered":"https:\/\/dproduccion.undc.edu.pe\/?page_id=574"},"modified":"2025-11-25T02:58:00","modified_gmt":"2025-11-25T02:58:00","slug":"noticias","status":"publish","type":"page","link":"https:\/\/dproduccion.undc.edu.pe\/index.php\/noticias\/","title":{"rendered":"Noticias"},"content":{"rendered":"\n<div class=\"wp-block-columns is-layout-flex wp-container-core-columns-is-layout-28f84493 wp-block-columns-is-layout-flex\">\n<div class=\"wp-block-column is-layout-flow wp-block-column-is-layout-flow\">\n<div class=\"wp-block-group is-style-default animated fadeInUp delay-1s has-background has-global-padding is-layout-constrained wp-container-core-group-is-layout-74eabeda wp-block-group-is-layout-constrained\" style=\"border-radius:20px;background:linear-gradient(180deg,rgb(32,57,94) 23%,rgb(255,255,255) 47%);padding-top:var(--wp--preset--spacing--x-small);padding-right:var(--wp--preset--spacing--small);padding-bottom:var(--wp--preset--spacing--x-small);padding-left:var(--wp--preset--spacing--small)\">\n<figure class=\"wp-block-gallery aligncenter has-nested-images columns-default is-cropped wp-block-gallery-1 is-layout-flex wp-block-gallery-is-layout-flex\">\n<figure class=\"wp-block-image size-full has-custom-border\"><img loading=\"lazy\" decoding=\"async\" width=\"1536\" height=\"1024\" data-id=\"701\" src=\"https:\/\/dproduccion.undc.edu.pe\/wp-content\/uploads\/2025\/07\/ChatGPT-Image-9-jul-2025-16_43_23.png\" alt=\"\" class=\"has-border-color has-secondary-accent-border-color wp-image-701\" style=\"border-width:8px;border-radius:50%\" srcset=\"https:\/\/dproduccion.undc.edu.pe\/wp-content\/uploads\/2025\/07\/ChatGPT-Image-9-jul-2025-16_43_23.png 1536w, https:\/\/dproduccion.undc.edu.pe\/wp-content\/uploads\/2025\/07\/ChatGPT-Image-9-jul-2025-16_43_23-300x200.png 300w, https:\/\/dproduccion.undc.edu.pe\/wp-content\/uploads\/2025\/07\/ChatGPT-Image-9-jul-2025-16_43_23-1024x683.png 1024w, https:\/\/dproduccion.undc.edu.pe\/wp-content\/uploads\/2025\/07\/ChatGPT-Image-9-jul-2025-16_43_23-768x512.png 768w\" sizes=\"auto, (max-width: 1536px) 100vw, 1536px\" \/><\/figure>\n<\/figure>\n\n\n\n<h6 class=\"wp-block-heading alignwide has-text-align-center has-secondary-color has-text-color has-link-color has-x-small-font-size wp-elements-d1bcec172deac39635620b639ec5ccdb\" style=\"margin-top:var(--wp--preset--spacing--small);margin-bottom:0;font-style:normal;font-weight:700\"><mark style=\"background-color:rgba(0, 0, 0, 0)\" class=\"has-inline-color has-secondary-color\"><a href=\"https:\/\/drive.google.com\/file\/d\/1gwl-9FR5r7hxkpx1X4qYFTVpbTBoShoR\/view?usp=sharing\" data-type=\"page\" data-id=\"160\">RESULTADOS DE LA SEGUNDA CONVOCATORIA DE CONCURSO DE LIBROS PRODUCTO DE INVESTIGACI\u00d3N CIENT\u00cdFICA DE LA UNDC -2025<\/a><\/mark><\/h6>\n\n\n\n<p class=\"has-text-align-center has-body-color has-text-color has-link-color has-x-small-font-size wp-elements-a4ce0be478c84f2ff4e4a6914051bf66\" style=\"margin-top:5px;margin-bottom:var(--wp--preset--spacing--small)\">2025<\/p>\n<\/div>\n<\/div>\n\n\n\n<div class=\"wp-block-column is-layout-flow wp-block-column-is-layout-flow\">\n<div class=\"wp-block-group is-style-default animated fadeInLeft delay-1s has-background has-global-padding is-layout-constrained wp-container-core-group-is-layout-74eabeda wp-block-group-is-layout-constrained\" style=\"border-radius:20px;background:linear-gradient(180deg,rgb(12,44,93) 19%,rgb(255,255,255) 54%);padding-top:var(--wp--preset--spacing--x-small);padding-right:var(--wp--preset--spacing--small);padding-bottom:var(--wp--preset--spacing--x-small);padding-left:var(--wp--preset--spacing--small)\">\n<figure class=\"wp-block-image aligncenter size-full is-resized has-custom-border\"><img loading=\"lazy\" decoding=\"async\" width=\"1387\" height=\"1181\" src=\"https:\/\/dproduccion.undc.edu.pe\/wp-content\/uploads\/2024\/10\/376421295_703419068488705_8607376985364022892_n.jpg\" alt=\"\" class=\"has-border-color has-pure-white-border-color wp-image-303\" style=\"border-width:8px;border-radius:50%;width:214px;height:auto\" srcset=\"https:\/\/dproduccion.undc.edu.pe\/wp-content\/uploads\/2024\/10\/376421295_703419068488705_8607376985364022892_n.jpg 1387w, https:\/\/dproduccion.undc.edu.pe\/wp-content\/uploads\/2024\/10\/376421295_703419068488705_8607376985364022892_n-300x255.jpg 300w, https:\/\/dproduccion.undc.edu.pe\/wp-content\/uploads\/2024\/10\/376421295_703419068488705_8607376985364022892_n-1024x872.jpg 1024w, https:\/\/dproduccion.undc.edu.pe\/wp-content\/uploads\/2024\/10\/376421295_703419068488705_8607376985364022892_n-768x654.jpg 768w\" sizes=\"auto, (max-width: 1387px) 100vw, 1387px\" \/><\/figure>\n\n\n\n<h6 class=\"wp-block-heading has-text-align-center has-x-small-font-size\" style=\"margin-top:var(--wp--preset--spacing--small);margin-bottom:0;font-style:normal;font-weight:700\"><a href=\"https:\/\/dproduccion.undc.edu.pe\/index.php\/1ra-noticia\/\" data-type=\"page\" data-id=\"141\">PRESENTACI\u00d3N Y DISTRIBUCI\u00d3N DEL LIBRO: INVESTIGACI\u00d3N FORMATIVA: CONCEPTOS Y PROCEDIMIENTOS A LA COMUNIDAD UNIVERSITARIA<\/a><\/h6>\n\n\n\n<p class=\"has-text-align-center has-x-small-font-size\" style=\"margin-top:5px;margin-bottom:var(--wp--preset--spacing--small)\">2023<\/p>\n<\/div>\n<\/div>\n\n\n\n<div class=\"wp-block-column is-layout-flow wp-block-column-is-layout-flow\">\n<div class=\"wp-block-group is-style-default animated fadeInRight delay-1s has-background has-global-padding is-layout-constrained wp-container-core-group-is-layout-a5fc48a7 wp-block-group-is-layout-constrained\" style=\"border-radius:20px;background:linear-gradient(180deg,rgb(12,44,93) 21%,rgb(255,255,255) 50%);margin-top:var(--wp--preset--spacing--xx-small);margin-bottom:var(--wp--preset--spacing--xx-small);padding-top:var(--wp--preset--spacing--xx-small);padding-right:var(--wp--preset--spacing--medium);padding-bottom:var(--wp--preset--spacing--xx-small);padding-left:var(--wp--preset--spacing--medium)\">\n<figure class=\"wp-block-image aligncenter size-full is-resized has-custom-border\"><img loading=\"lazy\" decoding=\"async\" width=\"1181\" height=\"1164\" src=\"https:\/\/dproduccion.undc.edu.pe\/wp-content\/uploads\/2024\/10\/418466180_776463094517635_6660037094931928256_n-1.jpg\" alt=\"\" class=\"has-border-color has-accent-text-border-color wp-image-312\" style=\"border-width:8px;border-radius:50%;width:184px;height:auto\" srcset=\"https:\/\/dproduccion.undc.edu.pe\/wp-content\/uploads\/2024\/10\/418466180_776463094517635_6660037094931928256_n-1.jpg 1181w, https:\/\/dproduccion.undc.edu.pe\/wp-content\/uploads\/2024\/10\/418466180_776463094517635_6660037094931928256_n-1-300x296.jpg 300w, https:\/\/dproduccion.undc.edu.pe\/wp-content\/uploads\/2024\/10\/418466180_776463094517635_6660037094931928256_n-1-1024x1009.jpg 1024w, https:\/\/dproduccion.undc.edu.pe\/wp-content\/uploads\/2024\/10\/418466180_776463094517635_6660037094931928256_n-1-768x757.jpg 768w\" sizes=\"auto, (max-width: 1181px) 100vw, 1181px\" \/><\/figure>\n\n\n\n<h5 class=\"wp-block-heading has-text-align-center has-x-small-font-size\" style=\"margin-top:var(--wp--preset--spacing--small);margin-bottom:0;font-style:normal;font-weight:700\"><a href=\"https:\/\/dproduccion.undc.edu.pe\/index.php\/3ra-noticia\/\" data-type=\"page\" data-id=\"168\" target=\"_blank\" rel=\"noreferrer noopener\">ENTREGA DE LIBROS IMPRESOS A LOS GANADORES DEL CONCURSO DE PUBLICACI\u00d3N DE LIBROS PARA DOCENTES DE LA UNDC 2023<\/a><\/h5>\n\n\n\n<p class=\"has-text-align-center has-x-small-font-size\" style=\"margin-top:5px;margin-bottom:var(--wp--preset--spacing--small)\">2024<\/p>\n<\/div>\n<\/div>\n<\/div>\n\n\n\n<div class=\"wp-block-group is-nowrap is-layout-flex wp-container-core-group-is-layout-6c531013 wp-block-group-is-layout-flex\">\n<div class=\"wp-block-group is-style-default animated fadeInUp delay-1s has-background has-global-padding is-layout-constrained wp-container-core-group-is-layout-74eabeda wp-block-group-is-layout-constrained\" style=\"border-radius:20px;background:linear-gradient(180deg,rgb(32,57,94) 23%,rgb(255,255,255) 47%);padding-top:var(--wp--preset--spacing--x-small);padding-right:var(--wp--preset--spacing--small);padding-bottom:var(--wp--preset--spacing--x-small);padding-left:var(--wp--preset--spacing--small)\">\n<figure class=\"wp-block-image aligncenter size-full is-resized has-custom-border\"><img loading=\"lazy\" decoding=\"async\" width=\"1500\" height=\"1330\" src=\"https:\/\/dproduccion.undc.edu.pe\/wp-content\/uploads\/2024\/10\/2not3.jpg\" alt=\"\" class=\"has-border-color has-secondary-accent-border-color wp-image-310\" style=\"border-width:8px;border-radius:50%;width:198px;height:auto\" srcset=\"https:\/\/dproduccion.undc.edu.pe\/wp-content\/uploads\/2024\/10\/2not3.jpg 1500w, https:\/\/dproduccion.undc.edu.pe\/wp-content\/uploads\/2024\/10\/2not3-300x266.jpg 300w, https:\/\/dproduccion.undc.edu.pe\/wp-content\/uploads\/2024\/10\/2not3-1024x908.jpg 1024w, https:\/\/dproduccion.undc.edu.pe\/wp-content\/uploads\/2024\/10\/2not3-768x681.jpg 768w\" sizes=\"auto, (max-width: 1500px) 100vw, 1500px\" \/><\/figure>\n\n\n\n<h6 class=\"wp-block-heading has-text-align-center has-secondary-color has-text-color has-link-color has-x-small-font-size wp-elements-82623d684d118ec4796a2437c80ec6e3\" style=\"margin-top:var(--wp--preset--spacing--small);margin-bottom:0;font-style:normal;font-weight:700\"><a href=\"https:\/\/dproduccion.undc.edu.pe\/index.php\/2da-noticia\/\" data-type=\"page\" data-id=\"160\"><mark style=\"background-color:rgba(0, 0, 0, 0)\" class=\"has-inline-color has-secondary-color\">FIRMA DE CONTRATO DE LOS GANADORES DEL CONCURSO DE PUBLICACI\u00d3N DE LIBROS PARA DOCENTES DE LA UNIVERSIDAD NACIONAL DE CA\u00d1ETE 2023<\/mark><\/a><\/h6>\n\n\n\n<p class=\"has-text-align-center has-body-color has-text-color has-link-color has-x-small-font-size wp-elements-1dfb1569ac7de38e58df66a5a426e764\" style=\"margin-top:5px;margin-bottom:var(--wp--preset--spacing--small)\">2023<\/p>\n<\/div>\n<\/div>\n\n\n\n<p><\/p>\n","protected":false},"excerpt":{"rendered":"<p>RESULTADOS DE LA SEGUNDA CONVOCATORIA DE CONCURSO DE LIBROS PRODUCTO DE INVESTIGACI\u00d3N CIENT\u00cdFICA DE LA UNDC -2025 2025 PRESENTACI\u00d3N Y DISTRIBUCI\u00d3N DEL LIBRO: INVESTIGACI\u00d3N FORMATIVA: CONCEPTOS Y PROCEDIMIENTOS A LA COMUNIDAD UNIVERSITARIA 2023 ENTREGA DE LIBROS IMPRESOS A LOS GANADORES DEL CONCURSO DE PUBLICACI\u00d3N DE LIBROS PARA DOCENTES DE LA UNDC 2023 2024 FIRMA DE [&hellip;]<\/p>\n","protected":false},"author":1,"featured_media":0,"parent":0,"menu_order":0,"comment_status":"closed","ping_status":"closed","template":"","meta":{"footnotes":""},"class_list":["post-574","page","type-page","status-publish","hentry"],"_links":{"self":[{"href":"https:\/\/dproduccion.undc.edu.pe\/index.php\/wp-json\/wp\/v2\/pages\/574","targetHints":{"allow":["GET"]}}],"collection":[{"href":"https:\/\/dproduccion.undc.edu.pe\/index.php\/wp-json\/wp\/v2\/pages"}],"about":[{"href":"https:\/\/dproduccion.undc.edu.pe\/index.php\/wp-json\/wp\/v2\/types\/page"}],"author":[{"embeddable":true,"href":"https:\/\/dproduccion.undc.edu.pe\/index.php\/wp-json\/wp\/v2\/users\/1"}],"replies":[{"embeddable":true,"href":"https:\/\/dproduccion.undc.edu.pe\/index.php\/wp-json\/wp\/v2\/comments?post=574"}],"version-history":[{"count":8,"href":"https:\/\/dproduccion.undc.edu.pe\/index.php\/wp-json\/wp\/v2\/pages\/574\/revisions"}],"predecessor-version":[{"id":740,"href":"https:\/\/dproduccion.undc.edu.pe\/index.php\/wp-json\/wp\/v2\/pages\/574\/revisions\/740"}],"wp:attachment":[{"href":"https:\/\/dproduccion.undc.edu.pe\/index.php\/wp-json\/wp\/v2\/media?parent=574"}],"curies":[{"name":"wp","href":"https:\/\/api.w.org\/{rel}","templated":true}]}}