{"id":93,"date":"2024-08-20T15:22:20","date_gmt":"2024-08-20T15:22:20","guid":{"rendered":"https:\/\/dproduccion.undc.edu.pe\/?page_id=93"},"modified":"2024-08-21T13:48:37","modified_gmt":"2024-08-21T13:48:37","slug":"1er-libro","status":"publish","type":"page","link":"https:\/\/dproduccion.undc.edu.pe\/index.php\/1er-libro\/","title":{"rendered":"Investigaci\u00f3n Formativa: Conceptos y procedimientos a la comunidad Universitaria"},"content":{"rendered":"\n<p class=\"has-text-align-center\"><strong><em>Autor: Dr. Ernesto Edmundo Hashimoto Moncayo<\/em><\/strong><\/p>\n\n\n\n<figure class=\"wp-block-image aligncenter size-large is-resized\"><img loading=\"lazy\" decoding=\"async\" width=\"857\" height=\"1024\" src=\"https:\/\/dproduccion.undc.edu.pe\/wp-content\/uploads\/2024\/08\/ULTIMA_PORTADA_4LIBRO-1-857x1024.png\" alt=\"\" class=\"wp-image-232\" style=\"width:612px;height:auto\" srcset=\"https:\/\/dproduccion.undc.edu.pe\/wp-content\/uploads\/2024\/08\/ULTIMA_PORTADA_4LIBRO-1-857x1024.png 857w, https:\/\/dproduccion.undc.edu.pe\/wp-content\/uploads\/2024\/08\/ULTIMA_PORTADA_4LIBRO-1-251x300.png 251w, https:\/\/dproduccion.undc.edu.pe\/wp-content\/uploads\/2024\/08\/ULTIMA_PORTADA_4LIBRO-1-768x918.png 768w, https:\/\/dproduccion.undc.edu.pe\/wp-content\/uploads\/2024\/08\/ULTIMA_PORTADA_4LIBRO-1-1286x1536.png 1286w, https:\/\/dproduccion.undc.edu.pe\/wp-content\/uploads\/2024\/08\/ULTIMA_PORTADA_4LIBRO-1-1714x2048.png 1714w\" sizes=\"auto, (max-width: 857px) 100vw, 857px\" \/><\/figure>\n\n\n\n<p><em>Introducci\u00f3n<\/em> <\/p>\n\n\n\n<p>Las disciplinas cient\u00edficas, tecnol\u00f3gicas y de las humanidades se desarrollan o crecen por un proceso de indagaci\u00f3n, descubrimiento y validaci\u00f3n del conocimiento que se le conoce como investigaci\u00f3n. Si consideramos lo \u00faltimos 200 a\u00f1os podemos afirmar que la investigaci\u00f3n -cient\u00edfica, tecnol\u00f3gica y human\u00edstica- ha influido en la vida de las personas como ninguna otra actividad humana, tanto en sus aspectos pr\u00e1cticos de su quehacer cotidiano como en sus creencias personales. La informaci\u00f3n o el conocimiento generado en cualquiera de las disciplinas cultivadas ha crecido en vol\u00famenes astron\u00f3micos y ha sido utilizado por todos en cualquier sociedad. Dada la importancia del conocimiento en nuestros tiempos, se le ha dado por llamar a esta etapa de la vida humana, la era del conocimiento o la era de la informaci\u00f3n, y se traduce de alguna manera con el monto de dinero que los pa\u00edses invierten en ello.  <\/p>\n\n\n\n<p><\/p>\n","protected":false},"excerpt":{"rendered":"<p>Autor: Dr. Ernesto Edmundo Hashimoto Moncayo Introducci\u00f3n Las disciplinas cient\u00edficas, tecnol\u00f3gicas y de las humanidades se desarrollan o crecen por un proceso de indagaci\u00f3n, descubrimiento y validaci\u00f3n del conocimiento que se le conoce como investigaci\u00f3n. Si consideramos lo \u00faltimos 200 a\u00f1os podemos afirmar que la investigaci\u00f3n -cient\u00edfica, tecnol\u00f3gica y human\u00edstica- ha influido en la vida [&hellip;]<\/p>\n","protected":false},"author":1,"featured_media":0,"parent":0,"menu_order":0,"comment_status":"closed","ping_status":"closed","template":"","meta":{"footnotes":""},"class_list":["post-93","page","type-page","status-publish","hentry"],"_links":{"self":[{"href":"https:\/\/dproduccion.undc.edu.pe\/index.php\/wp-json\/wp\/v2\/pages\/93","targetHints":{"allow":["GET"]}}],"collection":[{"href":"https:\/\/dproduccion.undc.edu.pe\/index.php\/wp-json\/wp\/v2\/pages"}],"about":[{"href":"https:\/\/dproduccion.undc.edu.pe\/index.php\/wp-json\/wp\/v2\/types\/page"}],"author":[{"embeddable":true,"href":"https:\/\/dproduccion.undc.edu.pe\/index.php\/wp-json\/wp\/v2\/users\/1"}],"replies":[{"embeddable":true,"href":"https:\/\/dproduccion.undc.edu.pe\/index.php\/wp-json\/wp\/v2\/comments?post=93"}],"version-history":[{"count":6,"href":"https:\/\/dproduccion.undc.edu.pe\/index.php\/wp-json\/wp\/v2\/pages\/93\/revisions"}],"predecessor-version":[{"id":233,"href":"https:\/\/dproduccion.undc.edu.pe\/index.php\/wp-json\/wp\/v2\/pages\/93\/revisions\/233"}],"wp:attachment":[{"href":"https:\/\/dproduccion.undc.edu.pe\/index.php\/wp-json\/wp\/v2\/media?parent=93"}],"curies":[{"name":"wp","href":"https:\/\/api.w.org\/{rel}","templated":true}]}}