{"id":95,"date":"2024-08-20T16:11:55","date_gmt":"2024-08-20T16:11:55","guid":{"rendered":"https:\/\/dproduccion.undc.edu.pe\/?page_id=95"},"modified":"2024-08-21T13:49:54","modified_gmt":"2024-08-21T13:49:54","slug":"3er-libro","status":"publish","type":"page","link":"https:\/\/dproduccion.undc.edu.pe\/index.php\/3er-libro\/","title":{"rendered":"El secreto de Chilmana"},"content":{"rendered":"\n<p class=\"has-text-align-center\"><strong><em>Autor: Dr. Jorge L\u00e1zaro Franco Medina<\/em><\/strong><\/p>\n\n\n\n<figure class=\"wp-block-image aligncenter size-full is-resized\"><img loading=\"lazy\" decoding=\"async\" width=\"3060\" height=\"3815\" src=\"https:\/\/dproduccion.undc.edu.pe\/wp-content\/uploads\/2024\/08\/ULTIMA_PORTADA_3LIBRO-1.png\" alt=\"\" class=\"wp-image-236\" style=\"width:681px;height:auto\" srcset=\"https:\/\/dproduccion.undc.edu.pe\/wp-content\/uploads\/2024\/08\/ULTIMA_PORTADA_3LIBRO-1.png 3060w, https:\/\/dproduccion.undc.edu.pe\/wp-content\/uploads\/2024\/08\/ULTIMA_PORTADA_3LIBRO-1-241x300.png 241w, https:\/\/dproduccion.undc.edu.pe\/wp-content\/uploads\/2024\/08\/ULTIMA_PORTADA_3LIBRO-1-821x1024.png 821w, https:\/\/dproduccion.undc.edu.pe\/wp-content\/uploads\/2024\/08\/ULTIMA_PORTADA_3LIBRO-1-768x957.png 768w, https:\/\/dproduccion.undc.edu.pe\/wp-content\/uploads\/2024\/08\/ULTIMA_PORTADA_3LIBRO-1-1232x1536.png 1232w, https:\/\/dproduccion.undc.edu.pe\/wp-content\/uploads\/2024\/08\/ULTIMA_PORTADA_3LIBRO-1-1643x2048.png 1643w\" sizes=\"auto, (max-width: 3060px) 100vw, 3060px\" \/><\/figure>\n\n\n\n<p>Al sur de la ciudad de Lima est\u00e1 la provincia de Ca\u00f1ete, existe un poblado de nombre Chilca y en un rinc\u00f3n olvidado de la vasta galaxia, en un momento de desesperaci\u00f3n, la poblaci\u00f3n de ese lugar y los Luminis se enfrentaron en su mayor desaf\u00edo. Los Drakarianos, un raza alien\u00edgena agresiva, se lanzaron como una amenaza que amenazaba con sumir a la Tierra en la oscuridad. <\/p>\n\n\n\n<p>Las batallas en el espacio y en la superficie de la Tierra sacudieron los cimientos de la civilizaci\u00f3n humana, mientras que la traici\u00f3n de algunos de sus propios semejantes agri\u00f3 la lucha. En medio de la devastaci\u00f3n y el conflicto, la humanidad se encontr\u00f3 luchando no solo por su supervivencia, sino tambi\u00e9n por su propia alma. <\/p>\n\n\n\n<p>Sin embargo, en esta hora m\u00e1s oscura, una nueva esperanza surgi\u00f3 de las estrellas. Los Luminis, una raza de seres de energ\u00eda pura, descendieron sobre la Tierra con una oferta de ayuda y un conocimiento que transcend\u00eda la comprensi\u00f3n humana. Juntos, lucharon por la supervivencia y la paz en la galaxia. <\/p>\n\n\n\n<p>Esta es la historia del Renacimiento de la Tierra, una \u00e9pica de valent\u00eda y cooperaci\u00f3n, de traici\u00f3n y redenci\u00f3n, de un mundo devastado que se levant\u00f3 de nuevo gracias a la alianza entre los Luminis y la humanidad. En las p\u00e1ginas que siguen, descubriremos como la sabidur\u00eda y la tecnolog\u00eda de los Luminis transformaron no solo la Tierra, sino tambi\u00e9n la propia humanidad, en su b\u00fasqueda por un futuro m\u00e1s brillante y en armon\u00eda con el universo. <\/p>\n\n\n\n<p>Y as\u00ed, en medio de la oscuridad, encontraron la luz para guiarlos hacia un destino m\u00e1s grandioso de lo que jam\u00e1s habr\u00edan imaginado. <\/p>\n","protected":false},"excerpt":{"rendered":"<p>Autor: Dr. Jorge L\u00e1zaro Franco Medina Al sur de la ciudad de Lima est\u00e1 la provincia de Ca\u00f1ete, existe un poblado de nombre Chilca y en un rinc\u00f3n olvidado de la vasta galaxia, en un momento de desesperaci\u00f3n, la poblaci\u00f3n de ese lugar y los Luminis se enfrentaron en su mayor desaf\u00edo. Los Drakarianos, un [&hellip;]<\/p>\n","protected":false},"author":1,"featured_media":0,"parent":0,"menu_order":0,"comment_status":"closed","ping_status":"closed","template":"","meta":{"footnotes":""},"class_list":["post-95","page","type-page","status-publish","hentry"],"_links":{"self":[{"href":"https:\/\/dproduccion.undc.edu.pe\/index.php\/wp-json\/wp\/v2\/pages\/95","targetHints":{"allow":["GET"]}}],"collection":[{"href":"https:\/\/dproduccion.undc.edu.pe\/index.php\/wp-json\/wp\/v2\/pages"}],"about":[{"href":"https:\/\/dproduccion.undc.edu.pe\/index.php\/wp-json\/wp\/v2\/types\/page"}],"author":[{"embeddable":true,"href":"https:\/\/dproduccion.undc.edu.pe\/index.php\/wp-json\/wp\/v2\/users\/1"}],"replies":[{"embeddable":true,"href":"https:\/\/dproduccion.undc.edu.pe\/index.php\/wp-json\/wp\/v2\/comments?post=95"}],"version-history":[{"count":4,"href":"https:\/\/dproduccion.undc.edu.pe\/index.php\/wp-json\/wp\/v2\/pages\/95\/revisions"}],"predecessor-version":[{"id":237,"href":"https:\/\/dproduccion.undc.edu.pe\/index.php\/wp-json\/wp\/v2\/pages\/95\/revisions\/237"}],"wp:attachment":[{"href":"https:\/\/dproduccion.undc.edu.pe\/index.php\/wp-json\/wp\/v2\/media?parent=95"}],"curies":[{"name":"wp","href":"https:\/\/api.w.org\/{rel}","templated":true}]}}