{"id":96,"date":"2024-08-20T16:12:09","date_gmt":"2024-08-20T16:12:09","guid":{"rendered":"https:\/\/dproduccion.undc.edu.pe\/?page_id=96"},"modified":"2024-08-21T13:50:42","modified_gmt":"2024-08-21T13:50:42","slug":"4to-libro","status":"publish","type":"page","link":"https:\/\/dproduccion.undc.edu.pe\/index.php\/4to-libro\/","title":{"rendered":"Abril de Venus"},"content":{"rendered":"\n<p class=\"has-text-align-center\"><strong><em>Autor: Yuri Ronald Pe\u00f1afiel Rivera<\/em><\/strong><\/p>\n\n\n\n<figure class=\"wp-block-image aligncenter size-full is-resized\"><img loading=\"lazy\" decoding=\"async\" width=\"3060\" height=\"3917\" src=\"https:\/\/dproduccion.undc.edu.pe\/wp-content\/uploads\/2024\/08\/ULTIMA_PORTADA_1LIBRO-1.png\" alt=\"\" class=\"wp-image-238\" style=\"width:518px;height:auto\" srcset=\"https:\/\/dproduccion.undc.edu.pe\/wp-content\/uploads\/2024\/08\/ULTIMA_PORTADA_1LIBRO-1.png 3060w, https:\/\/dproduccion.undc.edu.pe\/wp-content\/uploads\/2024\/08\/ULTIMA_PORTADA_1LIBRO-1-234x300.png 234w, https:\/\/dproduccion.undc.edu.pe\/wp-content\/uploads\/2024\/08\/ULTIMA_PORTADA_1LIBRO-1-800x1024.png 800w, https:\/\/dproduccion.undc.edu.pe\/wp-content\/uploads\/2024\/08\/ULTIMA_PORTADA_1LIBRO-1-768x983.png 768w, https:\/\/dproduccion.undc.edu.pe\/wp-content\/uploads\/2024\/08\/ULTIMA_PORTADA_1LIBRO-1-1200x1536.png 1200w, https:\/\/dproduccion.undc.edu.pe\/wp-content\/uploads\/2024\/08\/ULTIMA_PORTADA_1LIBRO-1-1600x2048.png 1600w\" sizes=\"auto, (max-width: 3060px) 100vw, 3060px\" \/><\/figure>\n\n\n\n<p><em>Presentaci\u00f3n<\/em><\/p>\n\n\n\n<p>Numerosas historias se han entramado y transformado en literatura y se han escrito desde diferentes puntos sobre la trata de personas, la explotaci\u00f3n sexual en el 2020, se ha registrado 245 denuncias por explotaci\u00f3n sexual cifra que representa el 73,4% respecto del total de denuncias, hasta la fecha esto ha ido aumentando, la Fiscal\u00eda registr\u00f3 29,400 casos de denuncias por delitos de trata de personas a nivel nacional entre el a\u00f1o 2018 y lo que va del 2023, en el a\u00f1o 2022 tuvo el mayor n\u00famero de denuncias son m\u00e1s de 2,000 denuncias que se dio ese a\u00f1o. Y esta novela no es ajena a la realidad. <\/p>\n\n\n\n<p>La historia relata la vida de Abril de manera ficticia d\u00e1ndonos a conocer la dura realidad de una adolescente de diecis\u00e9is a\u00f1os la cual es explotada sexualmente en un prost\u00edbulo. <\/p>\n\n\n\n<p>Denominado la oficina. La historia se divide en diferentes escenarios y tiempos, asimismo, ocupando un gran protagonismo el planeta venus como un s\u00edmbolo de escape de la realidad. Como dice el maestro Gabriel Garc\u00eda Masques el realismo m\u00e1gico el inter\u00e9s de mostrar lo irreal o extra\u00f1o como algo cotidiano y com\u00fan, no es una expresi\u00f3n literaria, su finalidad no es suscitar emociones sino, m\u00e1s bien, expresarla, y es, sobre todas las cosas y es una actitud frente a la realidad. <\/p>\n","protected":false},"excerpt":{"rendered":"<p>Autor: Yuri Ronald Pe\u00f1afiel Rivera Presentaci\u00f3n Numerosas historias se han entramado y transformado en literatura y se han escrito desde diferentes puntos sobre la trata de personas, la explotaci\u00f3n sexual en el 2020, se ha registrado 245 denuncias por explotaci\u00f3n sexual cifra que representa el 73,4% respecto del total de denuncias, hasta la fecha esto [&hellip;]<\/p>\n","protected":false},"author":1,"featured_media":0,"parent":0,"menu_order":0,"comment_status":"closed","ping_status":"closed","template":"","meta":{"footnotes":""},"class_list":["post-96","page","type-page","status-publish","hentry"],"_links":{"self":[{"href":"https:\/\/dproduccion.undc.edu.pe\/index.php\/wp-json\/wp\/v2\/pages\/96","targetHints":{"allow":["GET"]}}],"collection":[{"href":"https:\/\/dproduccion.undc.edu.pe\/index.php\/wp-json\/wp\/v2\/pages"}],"about":[{"href":"https:\/\/dproduccion.undc.edu.pe\/index.php\/wp-json\/wp\/v2\/types\/page"}],"author":[{"embeddable":true,"href":"https:\/\/dproduccion.undc.edu.pe\/index.php\/wp-json\/wp\/v2\/users\/1"}],"replies":[{"embeddable":true,"href":"https:\/\/dproduccion.undc.edu.pe\/index.php\/wp-json\/wp\/v2\/comments?post=96"}],"version-history":[{"count":4,"href":"https:\/\/dproduccion.undc.edu.pe\/index.php\/wp-json\/wp\/v2\/pages\/96\/revisions"}],"predecessor-version":[{"id":239,"href":"https:\/\/dproduccion.undc.edu.pe\/index.php\/wp-json\/wp\/v2\/pages\/96\/revisions\/239"}],"wp:attachment":[{"href":"https:\/\/dproduccion.undc.edu.pe\/index.php\/wp-json\/wp\/v2\/media?parent=96"}],"curies":[{"name":"wp","href":"https:\/\/api.w.org\/{rel}","templated":true}]}}